{"id":34054,"date":"2021-01-15T09:12:18","date_gmt":"2021-01-15T17:12:18","guid":{"rendered":"https:\/\/www.maxcashtitleloans.com\/?page_id=34054"},"modified":"2025-12-09T11:28:40","modified_gmt":"2025-12-09T19:28:40","slug":"home-page","status":"publish","type":"page","link":"https:\/\/maxcashtitleloans.com\/es\/","title":{"rendered":"Home Page"},"content":{"rendered":"","protected":false},"excerpt":{"rendered":"","protected":false},"author":32,"featured_media":0,"parent":0,"menu_order":0,"comment_status":"closed","ping_status":"closed","template":"","meta":{"inline_featured_image":false,"footnotes":""},"class_list":["post-34054","page","type-page","status-publish","hentry"],"featured_image_src":null,"yoast_head":"<!-- This site is optimized with the Yoast SEO plugin v26.6 - https:\/\/yoast.com\/wordpress\/plugins\/seo\/ -->\n<title>Max Cash Title Loans - Servicios de pr\u00e9stamo de t\u00edtulo en l\u00ednea. 7 d\u00edas a la semana<\/title>\n<meta name=\"description\" content=\"Prestamistas de pr\u00e9stamos sobre el t\u00edtulo del auto en todo el pa\u00eds sin costo alguno para usted. \u00bfNecesita efectivo hoy? M\u00faltiples opciones. En l\u00ednea. No basado en cr\u00e9dito. Sin necesidad de salir de tu casa.\" \/>\n<meta name=\"robots\" content=\"index, follow, max-snippet:-1, max-image-preview:large, max-video-preview:-1\" \/>\n<link rel=\"canonical\" href=\"https:\/\/maxcashtitleloans.com\/es\/\" \/>\n<meta property=\"og:locale\" content=\"es_ES\" \/>\n<meta property=\"og:type\" content=\"article\" \/>\n<meta property=\"og:title\" content=\"Max Cash Title Loans - Servicios de pr\u00e9stamo de t\u00edtulo en l\u00ednea. 7 d\u00edas a la semana\" \/>\n<meta property=\"og:description\" content=\"Prestamistas de pr\u00e9stamos sobre el t\u00edtulo del auto en todo el pa\u00eds sin costo alguno para usted. \u00bfNecesita efectivo hoy? M\u00faltiples opciones. En l\u00ednea. No basado en cr\u00e9dito. Sin necesidad de salir de tu casa.\" \/>\n<meta property=\"og:url\" content=\"https:\/\/maxcashtitleloans.com\/es\/\" \/>\n<meta property=\"og:site_name\" content=\"Max Cash\u00ae Title Loans\" \/>\n<meta property=\"article:publisher\" content=\"https:\/\/www.facebook.com\/maxcashtitleloans\/\" \/>\n<meta property=\"article:modified_time\" content=\"2025-12-09T19:28:40+00:00\" \/>\n<script type=\"application\/ld+json\" class=\"yoast-schema-graph\">{\"@context\":\"https:\/\/schema.org\",\"@graph\":[{\"@type\":\"WebPage\",\"@id\":\"https:\/\/maxcashtitleloans.com\/es\/\",\"url\":\"https:\/\/maxcashtitleloans.com\/es\/\",\"name\":\"Max Cash Title Loans - Servicios de pr\u00e9stamo de t\u00edtulo en l\u00ednea. 7 d\u00edas a la semana\",\"isPartOf\":{\"@id\":\"https:\/\/maxcashtitleloans.com\/es\/#website\"},\"datePublished\":\"2021-01-15T17:12:18+00:00\",\"dateModified\":\"2025-12-09T19:28:40+00:00\",\"description\":\"Prestamistas de pr\u00e9stamos sobre el t\u00edtulo del auto en todo el pa\u00eds sin costo alguno para usted. \u00bfNecesita efectivo hoy? M\u00faltiples opciones. En l\u00ednea. No basado en cr\u00e9dito. Sin necesidad de salir de tu casa.\",\"breadcrumb\":{\"@id\":\"https:\/\/maxcashtitleloans.com\/es\/#breadcrumb\"},\"inLanguage\":\"es\",\"potentialAction\":[{\"@type\":\"ReadAction\",\"target\":[\"https:\/\/maxcashtitleloans.com\/es\/\"]}]},{\"@type\":\"BreadcrumbList\",\"@id\":\"https:\/\/maxcashtitleloans.com\/es\/#breadcrumb\",\"itemListElement\":[{\"@type\":\"ListItem\",\"position\":1,\"name\":\"Home\",\"item\":\"https:\/\/maxcashtitleloans.com\/es\/\"},{\"@type\":\"ListItem\",\"position\":2,\"name\":\"Inicio\"}]},{\"@type\":\"WebSite\",\"@id\":\"https:\/\/maxcashtitleloans.com\/es\/#website\",\"url\":\"https:\/\/maxcashtitleloans.com\/es\/\",\"name\":\"Max Cash\u00ae Title Loans\",\"description\":\"\",\"publisher\":{\"@id\":\"https:\/\/maxcashtitleloans.com\/es\/#organization\"},\"alternateName\":\"Max Cash Title Loans\",\"potentialAction\":[{\"@type\":\"SearchAction\",\"target\":{\"@type\":\"EntryPoint\",\"urlTemplate\":\"https:\/\/maxcashtitleloans.com\/es\/?s={search_term_string}\"},\"query-input\":{\"@type\":\"PropertyValueSpecification\",\"valueRequired\":true,\"valueName\":\"search_term_string\"}}],\"inLanguage\":\"es\"},{\"@type\":\"Organization\",\"@id\":\"https:\/\/maxcashtitleloans.com\/es\/#organization\",\"name\":\"Max Cash&reg; Title Loans\",\"alternateName\":\"Max Cash Title Loans\",\"url\":\"https:\/\/maxcashtitleloans.com\/es\/\",\"logo\":{\"@type\":\"ImageObject\",\"inLanguage\":\"es\",\"@id\":\"https:\/\/maxcashtitleloans.com\/es\/#\/schema\/logo\/image\/\",\"url\":\"https:\/\/maxcashtitleloans.com\/wp-content\/uploads\/2020\/10\/updated-logo.png\",\"contentUrl\":\"https:\/\/maxcashtitleloans.com\/wp-content\/uploads\/2020\/10\/updated-logo.png\",\"width\":226,\"height\":70,\"caption\":\"Max Cash&reg; Title Loans\"},\"image\":{\"@id\":\"https:\/\/maxcashtitleloans.com\/es\/#\/schema\/logo\/image\/\"},\"sameAs\":[\"https:\/\/www.facebook.com\/maxcashtitleloans\/\",\"https:\/\/x.com\/MCTitleLoans\"]}]}<\/script>\n<!-- \/ Yoast SEO plugin. -->","yoast_head_json":{"title":"Max Cash Title Loans - Servicios de pr\u00e9stamo de t\u00edtulo en l\u00ednea. 7 d\u00edas a la semana","description":"Prestamistas de pr\u00e9stamos sobre el t\u00edtulo del auto en todo el pa\u00eds sin costo alguno para usted. \u00bfNecesita efectivo hoy? M\u00faltiples opciones. En l\u00ednea. No basado en cr\u00e9dito. Sin necesidad de salir de tu casa.","robots":{"index":"index","follow":"follow","max-snippet":"max-snippet:-1","max-image-preview":"max-image-preview:large","max-video-preview":"max-video-preview:-1"},"canonical":"https:\/\/maxcashtitleloans.com\/es\/","og_locale":"es_ES","og_type":"article","og_title":"Max Cash Title Loans - Servicios de pr\u00e9stamo de t\u00edtulo en l\u00ednea. 7 d\u00edas a la semana","og_description":"Prestamistas de pr\u00e9stamos sobre el t\u00edtulo del auto en todo el pa\u00eds sin costo alguno para usted. \u00bfNecesita efectivo hoy? M\u00faltiples opciones. En l\u00ednea. No basado en cr\u00e9dito. Sin necesidad de salir de tu casa.","og_url":"https:\/\/maxcashtitleloans.com\/es\/","og_site_name":"Max Cash\u00ae Title Loans","article_publisher":"https:\/\/www.facebook.com\/maxcashtitleloans\/","article_modified_time":"2025-12-09T19:28:40+00:00","schema":{"@context":"https:\/\/schema.org","@graph":[{"@type":"WebPage","@id":"https:\/\/maxcashtitleloans.com\/es\/","url":"https:\/\/maxcashtitleloans.com\/es\/","name":"Max Cash Title Loans - Servicios de pr\u00e9stamo de t\u00edtulo en l\u00ednea. 7 d\u00edas a la semana","isPartOf":{"@id":"https:\/\/maxcashtitleloans.com\/es\/#website"},"datePublished":"2021-01-15T17:12:18+00:00","dateModified":"2025-12-09T19:28:40+00:00","description":"Prestamistas de pr\u00e9stamos sobre el t\u00edtulo del auto en todo el pa\u00eds sin costo alguno para usted. \u00bfNecesita efectivo hoy? M\u00faltiples opciones. En l\u00ednea. No basado en cr\u00e9dito. Sin necesidad de salir de tu casa.","breadcrumb":{"@id":"https:\/\/maxcashtitleloans.com\/es\/#breadcrumb"},"inLanguage":"es","potentialAction":[{"@type":"ReadAction","target":["https:\/\/maxcashtitleloans.com\/es\/"]}]},{"@type":"BreadcrumbList","@id":"https:\/\/maxcashtitleloans.com\/es\/#breadcrumb","itemListElement":[{"@type":"ListItem","position":1,"name":"Home","item":"https:\/\/maxcashtitleloans.com\/es\/"},{"@type":"ListItem","position":2,"name":"Inicio"}]},{"@type":"WebSite","@id":"https:\/\/maxcashtitleloans.com\/es\/#website","url":"https:\/\/maxcashtitleloans.com\/es\/","name":"Max Cash\u00ae Title Loans","description":"","publisher":{"@id":"https:\/\/maxcashtitleloans.com\/es\/#organization"},"alternateName":"Max Cash Title Loans","potentialAction":[{"@type":"SearchAction","target":{"@type":"EntryPoint","urlTemplate":"https:\/\/maxcashtitleloans.com\/es\/?s={search_term_string}"},"query-input":{"@type":"PropertyValueSpecification","valueRequired":true,"valueName":"search_term_string"}}],"inLanguage":"es"},{"@type":"Organization","@id":"https:\/\/maxcashtitleloans.com\/es\/#organization","name":"Max Cash&reg; Title Loans","alternateName":"Max Cash Title Loans","url":"https:\/\/maxcashtitleloans.com\/es\/","logo":{"@type":"ImageObject","inLanguage":"es","@id":"https:\/\/maxcashtitleloans.com\/es\/#\/schema\/logo\/image\/","url":"https:\/\/maxcashtitleloans.com\/wp-content\/uploads\/2020\/10\/updated-logo.png","contentUrl":"https:\/\/maxcashtitleloans.com\/wp-content\/uploads\/2020\/10\/updated-logo.png","width":226,"height":70,"caption":"Max Cash&reg; Title Loans"},"image":{"@id":"https:\/\/maxcashtitleloans.com\/es\/#\/schema\/logo\/image\/"},"sameAs":["https:\/\/www.facebook.com\/maxcashtitleloans\/","https:\/\/x.com\/MCTitleLoans"]}]}},"_links":{"self":[{"href":"https:\/\/maxcashtitleloans.com\/es\/wp-json\/wp\/v2\/pages\/34054","targetHints":{"allow":["GET"]}}],"collection":[{"href":"https:\/\/maxcashtitleloans.com\/es\/wp-json\/wp\/v2\/pages"}],"about":[{"href":"https:\/\/maxcashtitleloans.com\/es\/wp-json\/wp\/v2\/types\/page"}],"author":[{"embeddable":true,"href":"https:\/\/maxcashtitleloans.com\/es\/wp-json\/wp\/v2\/users\/32"}],"replies":[{"embeddable":true,"href":"https:\/\/maxcashtitleloans.com\/es\/wp-json\/wp\/v2\/comments?post=34054"}],"version-history":[{"count":1,"href":"https:\/\/maxcashtitleloans.com\/es\/wp-json\/wp\/v2\/pages\/34054\/revisions"}],"predecessor-version":[{"id":34055,"href":"https:\/\/maxcashtitleloans.com\/es\/wp-json\/wp\/v2\/pages\/34054\/revisions\/34055"}],"wp:attachment":[{"href":"https:\/\/maxcashtitleloans.com\/es\/wp-json\/wp\/v2\/media?parent=34054"}],"curies":[{"name":"wp","href":"https:\/\/api.w.org\/{rel}","templated":true}]}}