{"id":34179,"date":"2021-01-19T10:30:42","date_gmt":"2021-01-19T18:30:42","guid":{"rendered":"https:\/\/www.maxcashtitleloans.com\/?page_id=34179"},"modified":"2025-05-16T14:17:56","modified_gmt":"2025-05-16T21:17:56","slug":"ponerse-en-contacto","status":"publish","type":"page","link":"https:\/\/maxcashtitleloans.com\/es\/ponerse-en-contacto\/","title":{"rendered":"Ponerse en contacto"},"content":{"rendered":"\n<div class=\"contactMax Cash\u00aeSectionWrap\">\n\t<div class=\"container\">\n\t\t<div class=\"row\">\n\t\t\t<div class=\"col-12  mb-5\">\n\t\t\t\t<div class=\"headingTeaser\">\n\t\t\t\t\t<h2 class=\"heading\">Contactar Max Cash<\/h2>\n\t\t\t\t<\/div>\n\t\t\t<\/div>\n\n\t\t\t<div class=\"GetinTouchWrap col-12\">\n\t\t\t\t<div class=\"row\">\n\t\t\t\t\t<div class=\"col-12\">\n\t\t\t\t\t\t<h3 class=\"heading\"><img decoding=\"async\" src=\"https:\/\/www.maxcashtitleloans.com\/wp-content\/uploads\/2020\/08\/question.png\" alt=\"Question Icon\" class=\"mr_20\"> Ponerse en contacto<\/h3>\n\t\t\t\t\t\t<p>Tenemos nuestro equipo de asistencia para pr\u00e9stamos disponible los 7 d\u00edas de la semana (\u00a1as\u00ed es! Incluso los domingos), para asegurarnos de que pueda encontrar la ayuda que necesita.\n<\/p>\n\n\n\t\t\t\t\t\t<div class=\"row sml-scr-row\">\n\t\t\t\t\t\t\t<div class=\"col-sm-auto pr-sm-0\">\n\t\t\t\t\t\t\t\t<div class=\"callBtnWrap orangeGlow\">\n\t\t\t\t\t\t\t\t\t<a href=\"tel:+18334854143\"  class=\"btn applyBtn orangeGrdBg thickRounded medOrngbtn\" style = \"false; false; false; ;\">Llamanos <\/a>\n\t\t\t\t\t\t\t\t<\/div>\n\t\t\t\t\t\t\t<\/div>\n\t\t\t\t\t\t\t<div class=\"col-sm-auto mt-md-0 mt-4\">\n\t\t\t\t\t\t\t\t<a href=\"mailto:info@maxcashtitleloans.com\"  class=\"btn whiteBg thickRounded msgbtn\" style = \"false; false; false; ;\">Mandanos mensaje<\/a>\n\t\t\t\t\t\t\t<\/div>\n\t\t\t\t\t\t<\/div>\n\t\t\t\t\t<\/div>\n\t\t\t\t<\/div>\n\t\t\t<\/div>\n\n\n\t\t\t<!-- start of contact info -->\n\n\t\t\t<div class=\"info-ChatWrap col-12\">\n\t\t\t\t<div class=\"row m-0\">\n\n\t\t\t\t\t<div class=\"col-md-6 col-12 infoWrap\">\n\t\t\t\t\t\t<h5 class=\"heading mainHeading\">Informaci\u00f3n de contacto:<\/h5>\n\t\t\t\t\t\t<div class=\"linkWrap\">\n\t\t\t\t\t\t\t<a href=\"tel:+18334854143\">\n\t\t\t\t\t\t\t\t<i class=\"iconWrap\">\n\t\t\t\t\t\t\t\t\t<img decoding=\"async\" src=\"https:\/\/www.maxcashtitleloans.com\/wp-content\/uploads\/2020\/08\/phone-2.png\" alt=\"Phone Icon\">\n\t\t\t\t\t\t\t\t<\/i>\n\t\t\t\t\t\t\t\t<span>(833) 485-4143<\/span>\n\t\t\t\t\t\t\t<\/a>\n\t\t\t\t\t\t<\/div>\n\t\t\t\t\t\t<div class=\"linkWrap\">\n\t\t\t\t\t\t\t<a href=\"mailto:info@maxcashtitleloans.com\">\n\t\t\t\t\t\t\t\t<i class=\"iconWrap\">\n\t\t\t\t\t\t\t\t\t<img decoding=\"async\" src=\"https:\/\/www.maxcashtitleloans.com\/wp-content\/uploads\/2020\/08\/email.png\" alt=\"Email Icon\">\n\t\t\t\t\t\t\t\t<\/i>\n\t\t\t\t\t\t\t\t<span>info@maxcashtitleloans.com<\/span>\n\t\t\t\t\t\t\t<\/a>\n\t\t\t\t\t\t<\/div>\n\n\t\t\t\t\t\t<h6 class=\"heading subHeading my-3\">Administraci\u00f3n:<\/h6>\n\n\t\t\t\t\t\t<div class=\"mb-2\">\n\t\t\t\t\t\t\t<a href=\"tel:+14804983337\"  style = \"false; false; false; ;\">(480) 498-3337<\/a>\n\t\t\t\t\t\t<\/div>\n\n\t\t\t\t\t\t<h6 class=\"heading subHeading my-3\">Correo electr\u00f3nico del procesador de pr\u00e9stamos:<\/h6>\n\n\t\t\t\t\t\t<a href=\"mailto:reps@maxcash.com\">\n\t\t\t\t\t\t\t<span>reps@maxcash.com<\/span>\n\t\t\t\t\t\t<\/a>\n\t\t\t\t\t<\/div>\n\t\t\t\t<\/div>\n\t\t\t<\/div>\n\n\t\t\t<!-- end of contact info -->\n\n\n\t\t\t<div class=\"mapWrap col-12 p-0\">\n\n\t\t\t\t<div class=\"\">\n\t\t\t\t\t<h4 class=\"heading\">Nuestra oficina corporativa:<\/h4>\n\t\t\t\t<\/div>\n<p class=\"mb-0\">Tradition Media Group, LLC<\/p>\n<p class=\"mb-0\">dba. Max Cash Title Loans<\/p>\n<p class=\"mb-0\">5870 Hwy 6 N Suite 204<\/p>\n<p>Houston, TX 77084<\/p>\n\t\t\t\t<iframe loading=\"lazy\" src=\"https:\/\/www.google.com\/maps\/embed?pb=!1m18!1m12!1m3!1d2498.0412382961326!2d-95.64605347858821!3d29.862531169607692!2m3!1f0!2f0!3f0!3m2!1i1024!2i768!4f13.1!3m3!1m2!1s0x8640d0ad1efa34cd%3A0x187f4f266dab79dd!2s5870%20Hwy%206%20N%20%23204%2C%20Houston%2C%20TX%2077084%2C%20USA!5e0!3m2!1sen!2s!4v1605552455981!5m2!1sen!2s\" width=\"100%\" height=\"450\" frameborder=\"0\" style=\"border:0;\" allowfullscreen=\"\" aria-hidden=\"false\" tabindex=\"0\"><\/iframe>\n\t\t\t\t<img decoding=\"async\" class=\"galleryImg\" src=\"https:\/\/www.maxcashtitleloans.com\/wp-content\/uploads\/2020\/08\/picturemessage_r4gkdrvd.obq_.png\" alt=\"TMG Loan Processing Office Picture\">\n\n\t\t\t<\/div>\n\n\n\n\t\t<\/div>\n\t<\/div>\n<\/div>\n\n\n\n<p><\/p>\n","protected":false},"excerpt":{"rendered":"<p>Contactar Max Cash Ponerse en contacto Tenemos nuestro equipo de asistencia para pr\u00e9stamos disponible los 7 d\u00edas de la semana (\u00a1as\u00ed es! Incluso los domingos), para asegurarnos de que pueda encontrar la ayuda que necesita. Llamanos Mandanos mensaje Informaci\u00f3n de contacto: (833) 485-4143 info@maxcashtitleloans.com Administraci\u00f3n: (480) 498-3337 Correo electr\u00f3nico del procesador de pr\u00e9stamos: reps@maxcash.com Nuestra\u2026 <a class=\"readMoreLink\" href=\"https:\/\/maxcashtitleloans.com\/es\/ponerse-en-contacto\/\">Leer m\u00e1s<\/a><\/p>\n","protected":false},"author":32,"featured_media":0,"parent":0,"menu_order":0,"comment_status":"open","ping_status":"open","template":"content-with-sidebar.php","meta":{"inline_featured_image":false,"footnotes":""},"class_list":["post-34179","page","type-page","status-publish","hentry"],"featured_image_src":null,"yoast_head":"<!-- This site is optimized with the Yoast SEO plugin v26.6 - https:\/\/yoast.com\/wordpress\/plugins\/seo\/ -->\n<title>Ponerse en contacto - Max Cash\u00ae Title Loans<\/title>\n<meta name=\"description\" content=\"En Max Cash Title Loans estamos comprometidos a brindarles a nuestros clientes la mejor experiencia de servicio al cliente. Cont\u00e1ctenos por tel\u00e9fono ahora: 855-561-5626.\" \/>\n<meta name=\"robots\" content=\"index, follow, max-snippet:-1, max-image-preview:large, max-video-preview:-1\" \/>\n<link rel=\"canonical\" href=\"https:\/\/maxcashtitleloans.com\/es\/ponerse-en-contacto\/\" \/>\n<meta property=\"og:locale\" content=\"es_ES\" \/>\n<meta property=\"og:type\" content=\"article\" \/>\n<meta property=\"og:title\" content=\"Ponerse en contacto - Max Cash\u00ae Title Loans\" \/>\n<meta property=\"og:description\" content=\"En Max Cash Title Loans estamos comprometidos a brindarles a nuestros clientes la mejor experiencia de servicio al cliente. Cont\u00e1ctenos por tel\u00e9fono ahora: 855-561-5626.\" \/>\n<meta property=\"og:url\" content=\"https:\/\/maxcashtitleloans.com\/es\/ponerse-en-contacto\/\" \/>\n<meta property=\"og:site_name\" content=\"Max Cash\u00ae Title Loans\" \/>\n<meta property=\"article:publisher\" content=\"https:\/\/www.facebook.com\/maxcashtitleloans\/\" \/>\n<meta property=\"article:modified_time\" content=\"2025-05-16T21:17:56+00:00\" \/>\n<meta property=\"og:image\" content=\"https:\/\/www.maxcashtitleloans.com\/wp-content\/uploads\/2020\/08\/question.png\" \/>\n<meta name=\"twitter:label1\" content=\"Tiempo de lectura\" \/>\n\t<meta name=\"twitter:data1\" content=\"2 minutos\" \/>\n<script type=\"application\/ld+json\" class=\"yoast-schema-graph\">{\"@context\":\"https:\/\/schema.org\",\"@graph\":[{\"@type\":\"WebPage\",\"@id\":\"https:\/\/maxcashtitleloans.com\/es\/ponerse-en-contacto\/\",\"url\":\"https:\/\/maxcashtitleloans.com\/es\/ponerse-en-contacto\/\",\"name\":\"Ponerse en contacto - Max Cash\u00ae Title Loans\",\"isPartOf\":{\"@id\":\"https:\/\/maxcashtitleloans.com\/es\/#website\"},\"primaryImageOfPage\":{\"@id\":\"https:\/\/maxcashtitleloans.com\/es\/ponerse-en-contacto\/#primaryimage\"},\"image\":{\"@id\":\"https:\/\/maxcashtitleloans.com\/es\/ponerse-en-contacto\/#primaryimage\"},\"thumbnailUrl\":\"https:\/\/www.maxcashtitleloans.com\/wp-content\/uploads\/2020\/08\/question.png\",\"datePublished\":\"2021-01-19T18:30:42+00:00\",\"dateModified\":\"2025-05-16T21:17:56+00:00\",\"description\":\"En Max Cash Title Loans estamos comprometidos a brindarles a nuestros clientes la mejor experiencia de servicio al cliente. Cont\u00e1ctenos por tel\u00e9fono ahora: 855-561-5626.\",\"breadcrumb\":{\"@id\":\"https:\/\/maxcashtitleloans.com\/es\/ponerse-en-contacto\/#breadcrumb\"},\"inLanguage\":\"es\",\"potentialAction\":[{\"@type\":\"ReadAction\",\"target\":[\"https:\/\/maxcashtitleloans.com\/es\/ponerse-en-contacto\/\"]}]},{\"@type\":\"ImageObject\",\"inLanguage\":\"es\",\"@id\":\"https:\/\/maxcashtitleloans.com\/es\/ponerse-en-contacto\/#primaryimage\",\"url\":\"https:\/\/www.maxcashtitleloans.com\/wp-content\/uploads\/2020\/08\/question.png\",\"contentUrl\":\"https:\/\/www.maxcashtitleloans.com\/wp-content\/uploads\/2020\/08\/question.png\"},{\"@type\":\"BreadcrumbList\",\"@id\":\"https:\/\/maxcashtitleloans.com\/es\/ponerse-en-contacto\/#breadcrumb\",\"itemListElement\":[{\"@type\":\"ListItem\",\"position\":1,\"name\":\"Home\",\"item\":\"https:\/\/maxcashtitleloans.com\/es\/\"},{\"@type\":\"ListItem\",\"position\":2,\"name\":\"CONT\u00c1CTENOS\"}]},{\"@type\":\"WebSite\",\"@id\":\"https:\/\/maxcashtitleloans.com\/es\/#website\",\"url\":\"https:\/\/maxcashtitleloans.com\/es\/\",\"name\":\"Max Cash\u00ae Title Loans\",\"description\":\"\",\"publisher\":{\"@id\":\"https:\/\/maxcashtitleloans.com\/es\/#organization\"},\"alternateName\":\"Max Cash Title Loans\",\"potentialAction\":[{\"@type\":\"SearchAction\",\"target\":{\"@type\":\"EntryPoint\",\"urlTemplate\":\"https:\/\/maxcashtitleloans.com\/es\/?s={search_term_string}\"},\"query-input\":{\"@type\":\"PropertyValueSpecification\",\"valueRequired\":true,\"valueName\":\"search_term_string\"}}],\"inLanguage\":\"es\"},{\"@type\":\"Organization\",\"@id\":\"https:\/\/maxcashtitleloans.com\/es\/#organization\",\"name\":\"Max Cash&reg; Title Loans\",\"alternateName\":\"Max Cash Title Loans\",\"url\":\"https:\/\/maxcashtitleloans.com\/es\/\",\"logo\":{\"@type\":\"ImageObject\",\"inLanguage\":\"es\",\"@id\":\"https:\/\/maxcashtitleloans.com\/es\/#\/schema\/logo\/image\/\",\"url\":\"https:\/\/maxcashtitleloans.com\/wp-content\/uploads\/2020\/10\/updated-logo.png\",\"contentUrl\":\"https:\/\/maxcashtitleloans.com\/wp-content\/uploads\/2020\/10\/updated-logo.png\",\"width\":226,\"height\":70,\"caption\":\"Max Cash&reg; Title Loans\"},\"image\":{\"@id\":\"https:\/\/maxcashtitleloans.com\/es\/#\/schema\/logo\/image\/\"},\"sameAs\":[\"https:\/\/www.facebook.com\/maxcashtitleloans\/\",\"https:\/\/x.com\/MCTitleLoans\"]}]}<\/script>\n<!-- \/ Yoast SEO plugin. -->","yoast_head_json":{"title":"Ponerse en contacto - Max Cash\u00ae Title Loans","description":"En Max Cash Title Loans estamos comprometidos a brindarles a nuestros clientes la mejor experiencia de servicio al cliente. Cont\u00e1ctenos por tel\u00e9fono ahora: 855-561-5626.","robots":{"index":"index","follow":"follow","max-snippet":"max-snippet:-1","max-image-preview":"max-image-preview:large","max-video-preview":"max-video-preview:-1"},"canonical":"https:\/\/maxcashtitleloans.com\/es\/ponerse-en-contacto\/","og_locale":"es_ES","og_type":"article","og_title":"Ponerse en contacto - Max Cash\u00ae Title Loans","og_description":"En Max Cash Title Loans estamos comprometidos a brindarles a nuestros clientes la mejor experiencia de servicio al cliente. Cont\u00e1ctenos por tel\u00e9fono ahora: 855-561-5626.","og_url":"https:\/\/maxcashtitleloans.com\/es\/ponerse-en-contacto\/","og_site_name":"Max Cash\u00ae Title Loans","article_publisher":"https:\/\/www.facebook.com\/maxcashtitleloans\/","article_modified_time":"2025-05-16T21:17:56+00:00","og_image":[{"url":"https:\/\/www.maxcashtitleloans.com\/wp-content\/uploads\/2020\/08\/question.png","type":"","width":"","height":""}],"twitter_misc":{"Tiempo de lectura":"2 minutos"},"schema":{"@context":"https:\/\/schema.org","@graph":[{"@type":"WebPage","@id":"https:\/\/maxcashtitleloans.com\/es\/ponerse-en-contacto\/","url":"https:\/\/maxcashtitleloans.com\/es\/ponerse-en-contacto\/","name":"Ponerse en contacto - Max Cash\u00ae Title Loans","isPartOf":{"@id":"https:\/\/maxcashtitleloans.com\/es\/#website"},"primaryImageOfPage":{"@id":"https:\/\/maxcashtitleloans.com\/es\/ponerse-en-contacto\/#primaryimage"},"image":{"@id":"https:\/\/maxcashtitleloans.com\/es\/ponerse-en-contacto\/#primaryimage"},"thumbnailUrl":"https:\/\/www.maxcashtitleloans.com\/wp-content\/uploads\/2020\/08\/question.png","datePublished":"2021-01-19T18:30:42+00:00","dateModified":"2025-05-16T21:17:56+00:00","description":"En Max Cash Title Loans estamos comprometidos a brindarles a nuestros clientes la mejor experiencia de servicio al cliente. Cont\u00e1ctenos por tel\u00e9fono ahora: 855-561-5626.","breadcrumb":{"@id":"https:\/\/maxcashtitleloans.com\/es\/ponerse-en-contacto\/#breadcrumb"},"inLanguage":"es","potentialAction":[{"@type":"ReadAction","target":["https:\/\/maxcashtitleloans.com\/es\/ponerse-en-contacto\/"]}]},{"@type":"ImageObject","inLanguage":"es","@id":"https:\/\/maxcashtitleloans.com\/es\/ponerse-en-contacto\/#primaryimage","url":"https:\/\/www.maxcashtitleloans.com\/wp-content\/uploads\/2020\/08\/question.png","contentUrl":"https:\/\/www.maxcashtitleloans.com\/wp-content\/uploads\/2020\/08\/question.png"},{"@type":"BreadcrumbList","@id":"https:\/\/maxcashtitleloans.com\/es\/ponerse-en-contacto\/#breadcrumb","itemListElement":[{"@type":"ListItem","position":1,"name":"Home","item":"https:\/\/maxcashtitleloans.com\/es\/"},{"@type":"ListItem","position":2,"name":"CONT\u00c1CTENOS"}]},{"@type":"WebSite","@id":"https:\/\/maxcashtitleloans.com\/es\/#website","url":"https:\/\/maxcashtitleloans.com\/es\/","name":"Max Cash\u00ae Title Loans","description":"","publisher":{"@id":"https:\/\/maxcashtitleloans.com\/es\/#organization"},"alternateName":"Max Cash Title Loans","potentialAction":[{"@type":"SearchAction","target":{"@type":"EntryPoint","urlTemplate":"https:\/\/maxcashtitleloans.com\/es\/?s={search_term_string}"},"query-input":{"@type":"PropertyValueSpecification","valueRequired":true,"valueName":"search_term_string"}}],"inLanguage":"es"},{"@type":"Organization","@id":"https:\/\/maxcashtitleloans.com\/es\/#organization","name":"Max Cash&reg; Title Loans","alternateName":"Max Cash Title Loans","url":"https:\/\/maxcashtitleloans.com\/es\/","logo":{"@type":"ImageObject","inLanguage":"es","@id":"https:\/\/maxcashtitleloans.com\/es\/#\/schema\/logo\/image\/","url":"https:\/\/maxcashtitleloans.com\/wp-content\/uploads\/2020\/10\/updated-logo.png","contentUrl":"https:\/\/maxcashtitleloans.com\/wp-content\/uploads\/2020\/10\/updated-logo.png","width":226,"height":70,"caption":"Max Cash&reg; Title Loans"},"image":{"@id":"https:\/\/maxcashtitleloans.com\/es\/#\/schema\/logo\/image\/"},"sameAs":["https:\/\/www.facebook.com\/maxcashtitleloans\/","https:\/\/x.com\/MCTitleLoans"]}]}},"_links":{"self":[{"href":"https:\/\/maxcashtitleloans.com\/es\/wp-json\/wp\/v2\/pages\/34179","targetHints":{"allow":["GET"]}}],"collection":[{"href":"https:\/\/maxcashtitleloans.com\/es\/wp-json\/wp\/v2\/pages"}],"about":[{"href":"https:\/\/maxcashtitleloans.com\/es\/wp-json\/wp\/v2\/types\/page"}],"author":[{"embeddable":true,"href":"https:\/\/maxcashtitleloans.com\/es\/wp-json\/wp\/v2\/users\/32"}],"replies":[{"embeddable":true,"href":"https:\/\/maxcashtitleloans.com\/es\/wp-json\/wp\/v2\/comments?post=34179"}],"version-history":[{"count":9,"href":"https:\/\/maxcashtitleloans.com\/es\/wp-json\/wp\/v2\/pages\/34179\/revisions"}],"predecessor-version":[{"id":42526,"href":"https:\/\/maxcashtitleloans.com\/es\/wp-json\/wp\/v2\/pages\/34179\/revisions\/42526"}],"wp:attachment":[{"href":"https:\/\/maxcashtitleloans.com\/es\/wp-json\/wp\/v2\/media?parent=34179"}],"curies":[{"name":"wp","href":"https:\/\/api.w.org\/{rel}","templated":true}]}}