{"id":34231,"date":"2021-01-20T09:16:40","date_gmt":"2021-01-20T17:16:40","guid":{"rendered":"https:\/\/www.maxcashtitleloans.com\/?page_id=34231"},"modified":"2023-07-07T20:49:48","modified_gmt":"2023-07-08T03:49:48","slug":"como-nos-pagan","status":"publish","type":"page","link":"https:\/\/maxcashtitleloans.com\/es\/como-nos-pagan\/","title":{"rendered":"C\u00f3mo nos pagan"},"content":{"rendered":"\n<h2 class=\"wp-block-heading\">\u00bfC\u00f3mo se pagan los pr\u00e9stamos de t\u00edtulo en Max Cash\u00ae?<\/h2>\n\n\n\n<p><strong><strong>LAS EMPRESAS DE PR\u00c9STAMOS DE T\u00cdTULO DE VEH\u00cdCULOS NOS PAGAN, \u00a1NO USTED!<\/strong><\/strong><\/p>\n\n\n\n<hr class=\"wp-block-separator has-css-opacity\"\/>\n\n\n\n<p>La compa\u00f1\u00eda de pr\u00e9stamos sobre el t\u00edtulo del autom\u00f3vil nos paga por su referencia. Tambi\u00e9n pagan las p\u00e1ginas amarillas para hacer publicidad y probablemente tambi\u00e9n est\u00e9n haciendo otra publicidad. Ver\u00e1 que el uso de Pr\u00e9stamos en Max Cash no se suma a ninguna tarifa ni hace que su pr\u00e9stamo cueste m\u00e1s.<\/p>\n\n\n\n<p>La gran raz\u00f3n por la que queremos que trabaje directamente con nosotros es que tenemos poder en los n\u00fameros. Debido a que miles de personas utilizan nuestra empresa para obtener su pr\u00e9stamo sobre el t\u00edtulo del autom\u00f3vil, somos una fuente importante de negocios para la empresa de pr\u00e9stamos sobre el t\u00edtulo del autom\u00f3vil. Algunos prestamistas, somos la mayor\u00eda de sus negocios y saben que cuando ven a un cliente que viene de nuestra empresa, saben que deben tratarlos como a la realeza.<\/p>\n\n\n\n<p>Usted tiene la opci\u00f3n de elegir qui\u00e9n obtiene su negocio de pr\u00e9stamos sobre el t\u00edtulo de su autom\u00f3vil y nosotros tambi\u00e9n. Si recibimos comentarios de nuestros clientes de que no lo atendieron bien, tenemos la opci\u00f3n de finalizar nuestro programa con el prestamista y dejar de recomendar su empresa. Como usted, sabemos que en la econom\u00eda actual, las empresas no pueden darse el lujo de tratar mal a la gente. Nuestra fuerza tambi\u00e9n nos da poder de negociaci\u00f3n. Podemos conseguir un pr\u00e9stamo m\u00e1s r\u00e1pido que cualquier persona. Trabajamos para usted en nombre de los prestamistas.<\/p>\n\n\n\n<p>Recibimos muchos prestamistas que nos llaman para preguntarnos si los recomendaremos. Hacerlo significa que tenemos que hacer el trabajo sucio y conocer todos sus planes y estructuras de pr\u00e9stamos de t\u00edtulo. Tambi\u00e9n tenemos que llegar a construir una relaci\u00f3n con los suscriptores para asegurarnos de que dar\u00e1n un trato prioritario a nuestros clientes. Una vez que pasan nuestro sistema, son monitoreados caso por caso para asegurarse de que cada experiencia sea positiva.<\/p>\n\n\n\n<script type=\"application\/ld+json\">\n\t{\n\t\t\"@context\": \"https:\/\/schema.org\",\n\t\t\"@type\": \"LoanOrCredit\",\n\t\t\"name\": \"Tradition Media Group, LLC DBA Max Cash Title Loans\",\n\t\t\"brand\": \"Max Cash Title Loans\",\n\t\t\"amount\": \"$500-$50000\",\n\t\t\"currency\": \"USD\",\n\t\t\"areaServed\": [\n\t\t\t\"AL\",\n\t\t\t\"AK\",\n\t\t\t\"AZ\",\n\t\t\t\"AR\",\n\t\t\t\"CA\",\n\t\t\t\"CO\",\n\t\t\t\"CT\",\n\t\t\t\"DE\",\n\t\t\t\"DC\",\n\t\t\t\"FL\",\n\t\t\t\"GA\",\n\t\t\t\"HI\",\n\t\t\t\"ID\",\n\t\t\t\"IL\",\n\t\t\t\"IN\",\n\t\t\t\"IA\",\n\t\t\t\"KS\",\n\t\t\t\"KY\",\n\t\t\t\"LA\",\n\t\t\t\"ME\",\n\t\t\t\"MD\",\n\t\t\t\"MA\",\n\t\t\t\"MI\",\n\t\t\t\"MN\",\n\t\t\t\"MS\",\n\t\t\t\"MO\",\n\t\t\t\"MT\",\n\t\t\t\"NE\",\n\t\t\t\"NV\",\n\t\t\t\"NH\",\n\t\t\t\"NJ\",\n\t\t\t\"NM\",\n\t\t\t\"NC\",\n\t\t\t\"ND\",\n\t\t\t\"OH\",\n\t\t\t\"OH\",\n\t\t\t\"OR\",\n\t\t\t\"RI\",\n\t\t\t\"SC\",\n\t\t\t\"SD\",\n\t\t\t\"TN\",\n\t\t\t\"TX\",\n\t\t\t\"UT\",\n\t\t\t\"VT\",\n\t\t\t\"VA\",\n\t\t\t\"WA\",\n\t\t\t\"WV\",\n\t\t\t\"WI\",\n\t\t\t\"WY\"\n\t\t],\n\t\t\"availableChannel\": {\n\t\t\t\"@type\": \"ServiceChannel\",\n\t\t\t\"serviceUrl\": \"https:\/\/www.maxcashtitleloans.com\/apply-now\/\",\n\t\t\t\"servicePhone\": {\n\t\t\t\t\"@type\": \"ContactPoint\",\n\t\t\t\t\"telephone\": \"+18555615626\"\n\t\t\t}\n\t\t},\n\t\t\"category\": \"Title Loans\",\n\t\t\"hoursAvailable\": [\"Mo-Fr 08:00-21:00\", \"Sa 10:00-18:00\", \"Su 11:00-19:00\"],\n\t\t\"logo\": \"https:\/\/www.maxcashtitleloans.com\/wp-content\/uploads\/2020\/10\/updated-logo.png\",\n\t\t\"serviceType\": \"Quick Cash\",\n\t\t\"sameAs\": [\n\t\t\t\"https:\/\/www.facebook.com\/maxcashtitleloans\/\",\n\t\t\t\"https:\/\/twitter.com\/mctitleloans\"\n\t\t]\n\t}\n<\/script>\n","protected":false},"excerpt":{"rendered":"<p>\u00bfC\u00f3mo se pagan los pr\u00e9stamos de t\u00edtulo en Max Cash\u00ae? LAS EMPRESAS DE PR\u00c9STAMOS DE T\u00cdTULO DE VEH\u00cdCULOS NOS PAGAN, \u00a1NO USTED! La compa\u00f1\u00eda de pr\u00e9stamos sobre el t\u00edtulo del autom\u00f3vil nos paga por su referencia. Tambi\u00e9n pagan las p\u00e1ginas amarillas para hacer publicidad y probablemente tambi\u00e9n est\u00e9n haciendo otra publicidad. Ver\u00e1 que el uso\u2026 <a class=\"readMoreLink\" href=\"https:\/\/maxcashtitleloans.com\/es\/como-nos-pagan\/\">Leer m\u00e1s<\/a><\/p>\n","protected":false},"author":32,"featured_media":0,"parent":0,"menu_order":0,"comment_status":"closed","ping_status":"open","template":"","meta":{"inline_featured_image":false,"footnotes":""},"class_list":["post-34231","page","type-page","status-publish","hentry"],"featured_image_src":null,"yoast_head":"<!-- This site is optimized with the Yoast SEO plugin v26.6 - https:\/\/yoast.com\/wordpress\/plugins\/seo\/ -->\n<title>C\u00f3mo nos pagan - Max Cash\u00ae Title Loans<\/title>\n<meta name=\"description\" content=\"C\u00f3mo nos pagan. &quot;\u00bfT\u00fa qu\u00e9 sacas de esto?&quot; \u00bfusted pregunta? \u00a1Estamos aqu\u00ed para servir al cliente ayud\u00e1ndolo a encontrar la mejor oferta posible sin cargo!\" \/>\n<meta name=\"robots\" content=\"index, follow, max-snippet:-1, max-image-preview:large, max-video-preview:-1\" \/>\n<link rel=\"canonical\" href=\"https:\/\/maxcashtitleloans.com\/es\/como-nos-pagan\/\" \/>\n<meta property=\"og:locale\" content=\"es_ES\" \/>\n<meta property=\"og:type\" content=\"article\" \/>\n<meta property=\"og:title\" content=\"C\u00f3mo nos pagan - Max Cash\u00ae Title Loans\" \/>\n<meta property=\"og:description\" content=\"C\u00f3mo nos pagan. &quot;\u00bfT\u00fa qu\u00e9 sacas de esto?&quot; \u00bfusted pregunta? \u00a1Estamos aqu\u00ed para servir al cliente ayud\u00e1ndolo a encontrar la mejor oferta posible sin cargo!\" \/>\n<meta property=\"og:url\" content=\"https:\/\/maxcashtitleloans.com\/es\/como-nos-pagan\/\" \/>\n<meta property=\"og:site_name\" content=\"Max Cash\u00ae Title Loans\" \/>\n<meta property=\"article:publisher\" content=\"https:\/\/www.facebook.com\/maxcashtitleloans\/\" \/>\n<meta property=\"article:modified_time\" content=\"2023-07-08T03:49:48+00:00\" \/>\n<meta name=\"twitter:label1\" content=\"Tiempo de lectura\" \/>\n\t<meta name=\"twitter:data1\" content=\"2 minutos\" \/>\n<script type=\"application\/ld+json\" class=\"yoast-schema-graph\">{\"@context\":\"https:\/\/schema.org\",\"@graph\":[{\"@type\":\"WebPage\",\"@id\":\"https:\/\/maxcashtitleloans.com\/es\/como-nos-pagan\/\",\"url\":\"https:\/\/maxcashtitleloans.com\/es\/como-nos-pagan\/\",\"name\":\"C\u00f3mo nos pagan - Max Cash\u00ae Title Loans\",\"isPartOf\":{\"@id\":\"https:\/\/maxcashtitleloans.com\/es\/#website\"},\"datePublished\":\"2021-01-20T17:16:40+00:00\",\"dateModified\":\"2023-07-08T03:49:48+00:00\",\"description\":\"C\u00f3mo nos pagan. \\\"\u00bfT\u00fa qu\u00e9 sacas de esto?\\\" \u00bfusted pregunta? \u00a1Estamos aqu\u00ed para servir al cliente ayud\u00e1ndolo a encontrar la mejor oferta posible sin cargo!\",\"breadcrumb\":{\"@id\":\"https:\/\/maxcashtitleloans.com\/es\/como-nos-pagan\/#breadcrumb\"},\"inLanguage\":\"es\",\"potentialAction\":[{\"@type\":\"ReadAction\",\"target\":[\"https:\/\/maxcashtitleloans.com\/es\/como-nos-pagan\/\"]}]},{\"@type\":\"BreadcrumbList\",\"@id\":\"https:\/\/maxcashtitleloans.com\/es\/como-nos-pagan\/#breadcrumb\",\"itemListElement\":[{\"@type\":\"ListItem\",\"position\":1,\"name\":\"Home\",\"item\":\"https:\/\/maxcashtitleloans.com\/es\/\"},{\"@type\":\"ListItem\",\"position\":2,\"name\":\"C\u00f3mo nos pagan\"}]},{\"@type\":\"WebSite\",\"@id\":\"https:\/\/maxcashtitleloans.com\/es\/#website\",\"url\":\"https:\/\/maxcashtitleloans.com\/es\/\",\"name\":\"Max Cash\u00ae Title Loans\",\"description\":\"\",\"publisher\":{\"@id\":\"https:\/\/maxcashtitleloans.com\/es\/#organization\"},\"alternateName\":\"Max Cash Title Loans\",\"potentialAction\":[{\"@type\":\"SearchAction\",\"target\":{\"@type\":\"EntryPoint\",\"urlTemplate\":\"https:\/\/maxcashtitleloans.com\/es\/?s={search_term_string}\"},\"query-input\":{\"@type\":\"PropertyValueSpecification\",\"valueRequired\":true,\"valueName\":\"search_term_string\"}}],\"inLanguage\":\"es\"},{\"@type\":\"Organization\",\"@id\":\"https:\/\/maxcashtitleloans.com\/es\/#organization\",\"name\":\"Max Cash&reg; Title Loans\",\"alternateName\":\"Max Cash Title Loans\",\"url\":\"https:\/\/maxcashtitleloans.com\/es\/\",\"logo\":{\"@type\":\"ImageObject\",\"inLanguage\":\"es\",\"@id\":\"https:\/\/maxcashtitleloans.com\/es\/#\/schema\/logo\/image\/\",\"url\":\"https:\/\/maxcashtitleloans.com\/wp-content\/uploads\/2020\/10\/updated-logo.png\",\"contentUrl\":\"https:\/\/maxcashtitleloans.com\/wp-content\/uploads\/2020\/10\/updated-logo.png\",\"width\":226,\"height\":70,\"caption\":\"Max Cash&reg; Title Loans\"},\"image\":{\"@id\":\"https:\/\/maxcashtitleloans.com\/es\/#\/schema\/logo\/image\/\"},\"sameAs\":[\"https:\/\/www.facebook.com\/maxcashtitleloans\/\",\"https:\/\/x.com\/MCTitleLoans\"]}]}<\/script>\n<!-- \/ Yoast SEO plugin. -->","yoast_head_json":{"title":"C\u00f3mo nos pagan - Max Cash\u00ae Title Loans","description":"C\u00f3mo nos pagan. \"\u00bfT\u00fa qu\u00e9 sacas de esto?\" \u00bfusted pregunta? \u00a1Estamos aqu\u00ed para servir al cliente ayud\u00e1ndolo a encontrar la mejor oferta posible sin cargo!","robots":{"index":"index","follow":"follow","max-snippet":"max-snippet:-1","max-image-preview":"max-image-preview:large","max-video-preview":"max-video-preview:-1"},"canonical":"https:\/\/maxcashtitleloans.com\/es\/como-nos-pagan\/","og_locale":"es_ES","og_type":"article","og_title":"C\u00f3mo nos pagan - Max Cash\u00ae Title Loans","og_description":"C\u00f3mo nos pagan. \"\u00bfT\u00fa qu\u00e9 sacas de esto?\" \u00bfusted pregunta? \u00a1Estamos aqu\u00ed para servir al cliente ayud\u00e1ndolo a encontrar la mejor oferta posible sin cargo!","og_url":"https:\/\/maxcashtitleloans.com\/es\/como-nos-pagan\/","og_site_name":"Max Cash\u00ae Title Loans","article_publisher":"https:\/\/www.facebook.com\/maxcashtitleloans\/","article_modified_time":"2023-07-08T03:49:48+00:00","twitter_misc":{"Tiempo de lectura":"2 minutos"},"schema":{"@context":"https:\/\/schema.org","@graph":[{"@type":"WebPage","@id":"https:\/\/maxcashtitleloans.com\/es\/como-nos-pagan\/","url":"https:\/\/maxcashtitleloans.com\/es\/como-nos-pagan\/","name":"C\u00f3mo nos pagan - Max Cash\u00ae Title Loans","isPartOf":{"@id":"https:\/\/maxcashtitleloans.com\/es\/#website"},"datePublished":"2021-01-20T17:16:40+00:00","dateModified":"2023-07-08T03:49:48+00:00","description":"C\u00f3mo nos pagan. \"\u00bfT\u00fa qu\u00e9 sacas de esto?\" \u00bfusted pregunta? \u00a1Estamos aqu\u00ed para servir al cliente ayud\u00e1ndolo a encontrar la mejor oferta posible sin cargo!","breadcrumb":{"@id":"https:\/\/maxcashtitleloans.com\/es\/como-nos-pagan\/#breadcrumb"},"inLanguage":"es","potentialAction":[{"@type":"ReadAction","target":["https:\/\/maxcashtitleloans.com\/es\/como-nos-pagan\/"]}]},{"@type":"BreadcrumbList","@id":"https:\/\/maxcashtitleloans.com\/es\/como-nos-pagan\/#breadcrumb","itemListElement":[{"@type":"ListItem","position":1,"name":"Home","item":"https:\/\/maxcashtitleloans.com\/es\/"},{"@type":"ListItem","position":2,"name":"C\u00f3mo nos pagan"}]},{"@type":"WebSite","@id":"https:\/\/maxcashtitleloans.com\/es\/#website","url":"https:\/\/maxcashtitleloans.com\/es\/","name":"Max Cash\u00ae Title Loans","description":"","publisher":{"@id":"https:\/\/maxcashtitleloans.com\/es\/#organization"},"alternateName":"Max Cash Title Loans","potentialAction":[{"@type":"SearchAction","target":{"@type":"EntryPoint","urlTemplate":"https:\/\/maxcashtitleloans.com\/es\/?s={search_term_string}"},"query-input":{"@type":"PropertyValueSpecification","valueRequired":true,"valueName":"search_term_string"}}],"inLanguage":"es"},{"@type":"Organization","@id":"https:\/\/maxcashtitleloans.com\/es\/#organization","name":"Max Cash&reg; Title Loans","alternateName":"Max Cash Title Loans","url":"https:\/\/maxcashtitleloans.com\/es\/","logo":{"@type":"ImageObject","inLanguage":"es","@id":"https:\/\/maxcashtitleloans.com\/es\/#\/schema\/logo\/image\/","url":"https:\/\/maxcashtitleloans.com\/wp-content\/uploads\/2020\/10\/updated-logo.png","contentUrl":"https:\/\/maxcashtitleloans.com\/wp-content\/uploads\/2020\/10\/updated-logo.png","width":226,"height":70,"caption":"Max Cash&reg; Title Loans"},"image":{"@id":"https:\/\/maxcashtitleloans.com\/es\/#\/schema\/logo\/image\/"},"sameAs":["https:\/\/www.facebook.com\/maxcashtitleloans\/","https:\/\/x.com\/MCTitleLoans"]}]}},"_links":{"self":[{"href":"https:\/\/maxcashtitleloans.com\/es\/wp-json\/wp\/v2\/pages\/34231","targetHints":{"allow":["GET"]}}],"collection":[{"href":"https:\/\/maxcashtitleloans.com\/es\/wp-json\/wp\/v2\/pages"}],"about":[{"href":"https:\/\/maxcashtitleloans.com\/es\/wp-json\/wp\/v2\/types\/page"}],"author":[{"embeddable":true,"href":"https:\/\/maxcashtitleloans.com\/es\/wp-json\/wp\/v2\/users\/32"}],"replies":[{"embeddable":true,"href":"https:\/\/maxcashtitleloans.com\/es\/wp-json\/wp\/v2\/comments?post=34231"}],"version-history":[{"count":2,"href":"https:\/\/maxcashtitleloans.com\/es\/wp-json\/wp\/v2\/pages\/34231\/revisions"}],"predecessor-version":[{"id":38165,"href":"https:\/\/maxcashtitleloans.com\/es\/wp-json\/wp\/v2\/pages\/34231\/revisions\/38165"}],"wp:attachment":[{"href":"https:\/\/maxcashtitleloans.com\/es\/wp-json\/wp\/v2\/media?parent=34231"}],"curies":[{"name":"wp","href":"https:\/\/api.w.org\/{rel}","templated":true}]}}