{"id":34233,"date":"2021-01-20T09:20:50","date_gmt":"2021-01-20T17:20:50","guid":{"rendered":"https:\/\/www.maxcashtitleloans.com\/?page_id=34233"},"modified":"2026-01-02T09:26:44","modified_gmt":"2026-01-02T17:26:44","slug":"como-obtener-su-efectivo","status":"publish","type":"page","link":"https:\/\/maxcashtitleloans.com\/es\/como-obtener-su-efectivo\/","title":{"rendered":"C\u00f3mo obtener su efectivo"},"content":{"rendered":"\n<h2 class=\"wp-block-heading\">\u00bfC\u00f3mo obtener su efectivo?<\/h2>\n\n\n\n<p><strong>Recoger tu dinero es la forma m\u00e1s f\u00e1cil<br><\/strong><br> Dependiendo del \u00e1rea en la que se encuentre, generalmente hay varias formas de obtener su dinero:<\/p>\n\n\n\n<ul class=\"wp-block-list list list_tick\">\n<li><strong><strong>Conduzca directamente a la ubicaci\u00f3n y obtenga el dine<\/strong>ro.<\/strong><\/li>\n\n\n\n<li><strong><strong>Haga que el prestamista se acerque a usted con el documento del pr\u00e9stamo y un cheque.<\/strong><\/strong><\/li>\n\n\n\n<li><strong><strong>Vaya a una tienda participante como MoneyGram.<\/strong><\/strong><\/li>\n\n\n\n<li><strong><strong>Transfiera el dinero a su cuenta.<\/strong><\/strong><\/li>\n\n\n\n<li><strong><strong>Coloque los fondos en una tarjeta de d\u00e9bito que le env\u00edan por correo.<\/strong><\/strong><\/li>\n<\/ul>\n\n\n\n<p>La opci\u00f3n se basar\u00e1 en su necesidad y en lo que proporcione el prestamista. Si necesita el dinero hoy, tendr\u00e1 que conducir hasta la ubicaci\u00f3n m\u00e1s cercana e ir a la oficina. Si tiene tiempo, entonces las otras opciones pueden estar disponibles seg\u00fan el prestamista y su \u00e1rea.<\/p>\n\n\n\n<p>El est\u00e1ndar para la industria es que cuanto m\u00e1s papeleo haga o m\u00e1s prisa est\u00e9, peor ser\u00e1 la cantidad de dinero que obtendr\u00e1 y mayor ser\u00e1 la tasa de inter\u00e9s. Algunos de nuestros prestamistas son extremadamente f\u00e1ciles de obtener un pr\u00e9stamo sobre el t\u00edtulo de un autom\u00f3vil hasta el punto de que es dif\u00edcil encontrar un ejemplo en el que no hayan financiado a alguien.<\/p>\n\n\n\n<hr class=\"wp-block-separator has-css-opacity\"\/>\n\n\n\n<h3 class=\"wp-block-heading\">Los beneficios para cada uno son los siguientes:<\/h3>\n\n\n\n<p><strong><strong>CONDUZCA HACIA NOSOTROS<\/strong><\/strong><br>Esta opci\u00f3n funciona para el cliente que necesita su efectivo ahora. Cuando llegue a la ubicaci\u00f3n, todo se har\u00e1 all\u00ed mismo, pero es posible que no obtenga la mejor tasa de inter\u00e9s. Para superar esto, por lo general, los clientes que vienen directamente a la ubicaci\u00f3n obtendr\u00e1n alg\u00fan tipo especial, como una tarjeta de gasolina o un descuento. La desventaja es que es posible que el prestamista no est\u00e9 cerca de usted y que tenga que conducir una cierta distancia hasta la tienda.<\/p>\n\n\n\n<p>Extremadamente f\u00e1cil de conseguir, pr\u00e1cticamente todas las personas que tienen un t\u00edtulo de autom\u00f3vil claro pueden obtener un pr\u00e9stamo. Algunos aceptan autos viejos con alto kilometraje, pero cuanto m\u00e1s nuevo es el auto, menor es el kilometraje y su capacidad para pagar el pr\u00e9stamo, mayor es la cantidad que puede obtener.<\/p>\n\n\n\n<p><strong><strong>HAGA QUE EL PRESTAMISTA VAYA A USTED<\/strong><\/strong><br>Esta opci\u00f3n funciona muy bien si no est\u00e1s en \u00abla gran ciudad\u00bb y vives lejos. Puede obtener un pr\u00e9stamo sobre el t\u00edtulo del autom\u00f3vil de la misma manera que ingresa a la tienda, pero al prestamista le gustar\u00eda tener todo el papeleo antes de que lo reciba con un cheque. Esto requerir\u00e1 que env\u00ede documentos por correo electr\u00f3nico, texto o fax, y deber\u00e1 completar formularios. No es que sean dif\u00edciles de completar, solo tomar\u00e1 un tiempo de su d\u00eda.<\/p>\n\n\n\n<p>Puede que valga la pena esperar el beneficio porque normalmente obtiene una tasa de inter\u00e9s muy baja y una cantidad de dinero muy alta. Tal vez revisen su informe crediticio para ver si usted es quien dice ser, pero el cr\u00e9dito no tiene que ser bueno en absoluto.<\/p>\n\n\n\n<p><strong><strong>FINANCIAMIENTO CON TARJETA DE D\u00c9BITO<\/strong><\/strong><br>Por lo general, esto se hace cuando se tiene un veh\u00edculo m\u00e1s antiguo o se tiene todo el tiempo del mundo para obtener su dinero en un autom\u00f3vil m\u00e1s nuevo. Lo bueno de esto es que la tasa de inter\u00e9s suele ser incre\u00edblemente baja y las condiciones de pago suelen ser interesantes. Adem\u00e1s, obtienes una tarjeta de d\u00e9bito.<\/p>\n\n\n\n<p>Adem\u00e1s, no est\u00e1 limitado geogr\u00e1ficamente. En cualquier sitio. Cualquier auto. Excelentes tarifas. F\u00e1cil de conseguir, pero probablemente comprobar\u00e1n su cr\u00e9dito. El cr\u00e9dito regular est\u00e1 bien, pero generalmente no se permite el mal cr\u00e9dito. Esta opci\u00f3n es buena para aquellas personas que no la necesitan ahora pero quieren configurarla en caso de que alg\u00fan d\u00eda necesiten el efectivo.<\/p>\n\n\n\n<p><strong><strong>IR A LA UBICACI\u00d3N DE UNA TIENDA PARTICIPANTE<\/strong><\/strong><\/p>\n\n\n\n<p>Algunos prestamistas utilizan las tiendas participantes para financiar a sus clientes y redactar sus contratos. \u00a1Incluso podr\u00eda ser uno que pases todos los d\u00edas! Es posible que los vea como casas de cambio de moneda local o tiendas de dinero. Es posible que ni siquiera digan que hacen pr\u00e9stamos sobre el t\u00edtulo. \u00a1Incluso podr\u00eda ser una agencia de seguros! Los prestamistas tienen contratos con estas empresas.<\/p>\n\n\n\n<p>El beneficio es que uno podr\u00eda estar a tu lado y es posible que ni siquiera lo sepas. Esta opci\u00f3n es ideal para las personas que no ven una tienda de pr\u00e9stamos sobre el t\u00edtulo cerca o necesitan una opci\u00f3n, pero a\u00fan as\u00ed desean el toque humano de un contacto cara a cara. En la actualidad, esto se est\u00e1 volviendo raro, ya que la mayor\u00eda de las personas conf\u00edan en los procesos y la financiaci\u00f3n de pr\u00e9stamos sobre el t\u00edtulo del autom\u00f3vil en l\u00ednea.<\/p>\n\n\n\n<p><strong><strong>TRANSFIERE EL DINERO A SU CUENTA<\/strong><\/strong><\/p>\n\n\n\n<p>F\u00e1cil, simple y suave. Dependiendo de su ubicaci\u00f3n, esta es una de las mejores opciones. Puede completar todos los formularios e informaci\u00f3n desde la comodidad de su hogar y tener el dinero depositado directamente en su cuenta bancaria. Se le pedir\u00e1 que tome fotograf\u00edas de su veh\u00edculo y FedEx su t\u00edtulo. En algunos casos, se le pedir\u00e1 que env\u00ede un videoclip para demostrar que su veh\u00edculo est\u00e1 funcionando.<\/p>\n\n\n\n<p><strong>MONEYGRAM<sup>TM<\/sup><\/strong><\/p>\n\n\n\n<p>Walmart tiene centros monetarios y la mayor\u00eda de los grandes supermercados tambi\u00e9n. \u00a1Algunos prestamistas eligen esta opci\u00f3n porque usted puede acercarse y darles su c\u00f3digo de moneygram que les dio el prestamista y obtener su efectivo all\u00ed mismo! No todos los prestamistas hacen esto, pero muchos de ellos lo hacen si esta es una opci\u00f3n atractiva, \u00a1pregunte!<\/p>\n\n\n\n<script type=\"application\/ld+json\">\n\t{\n\t\t\"@context\": \"https:\/\/schema.org\",\n\t\t\"@type\": \"LoanOrCredit\",\n\t\t\"name\": \"Tradition Media Group, LLC DBA Max Cash\u00ae Title Loans\",\n\t\t\"brand\": \"Max Cash Title Loans\",\n\t\t\"amount\": \"$500-$50000\",\n\t\t\"currency\": \"USD\",\n\t\t\"areaServed\": [\n\t\t\t\"AL\",\n\t\t\t\"AK\",\n\t\t\t\"AZ\",\n\t\t\t\"AR\",\n\t\t\t\"CA\",\n\t\t\t\"CO\",\n\t\t\t\"CT\",\n\t\t\t\"DE\",\n\t\t\t\"DC\",\n\t\t\t\"FL\",\n\t\t\t\"GA\",\n\t\t\t\"HI\",\n\t\t\t\"ID\",\n\t\t\t\"IL\",\n\t\t\t\"IN\",\n\t\t\t\"IA\",\n\t\t\t\"KS\",\n\t\t\t\"KY\",\n\t\t\t\"LA\",\n\t\t\t\"ME\",\n\t\t\t\"MD\",\n\t\t\t\"MA\",\n\t\t\t\"MI\",\n\t\t\t\"MN\",\n\t\t\t\"MS\",\n\t\t\t\"MO\",\n\t\t\t\"MT\",\n\t\t\t\"NE\",\n\t\t\t\"NV\",\n\t\t\t\"NH\",\n\t\t\t\"NJ\",\n\t\t\t\"NM\",\n\t\t\t\"NC\",\n\t\t\t\"ND\",\n\t\t\t\"OH\",\n\t\t\t\"OH\",\n\t\t\t\"OR\",\n\t\t\t\"RI\",\n\t\t\t\"SC\",\n\t\t\t\"SD\",\n\t\t\t\"TN\",\n\t\t\t\"TX\",\n\t\t\t\"UT\",\n\t\t\t\"VT\",\n\t\t\t\"VA\",\n\t\t\t\"WA\",\n\t\t\t\"WV\",\n\t\t\t\"WI\",\n\t\t\t\"WY\"\n\t\t],\n\t\t\"availableChannel\": {\n\t\t\t\"@type\": \"ServiceChannel\",\n\t\t\t\"serviceUrl\": \"https:\/\/www.maxcashtitleloans.com\/apply-now\/\",\n\t\t\t\"servicePhone\": {\n\t\t\t\t\"@type\": \"ContactPoint\",\n\t\t\t\t\"telephone\": \"+18555615626\"\n\t\t\t}\n\t\t},\n\t\t\"category\": \"Title Loans\",\n\t\t\"hoursAvailable\": [\"Mo-Fr 08:00-21:00\", \"Sa 10:00-18:00\", \"Su 11:00-19:00\"],\n\t\t\"logo\": \"https:\/\/www.maxcashtitleloans.com\/wp-content\/uploads\/2020\/10\/updated-logo.png\",\n\t\t\"serviceType\": \"Quick Cash\",\n\t\t\"sameAs\": [\n\t\t\t\"https:\/\/www.facebook.com\/maxcashtitleloans\/\",\n\t\t\t\"https:\/\/twitter.com\/mctitleloans\"\n\t\t]\n\t}\n<\/script>\n","protected":false},"excerpt":{"rendered":"<p>\u00bfC\u00f3mo obtener su efectivo? Recoger tu dinero es la forma m\u00e1s f\u00e1cil Dependiendo del \u00e1rea en la que se encuentre, generalmente hay varias formas de obtener su dinero: La opci\u00f3n se basar\u00e1 en su necesidad y en lo que proporcione el prestamista. Si necesita el dinero hoy, tendr\u00e1 que conducir hasta la ubicaci\u00f3n m\u00e1s cercana\u2026 <a class=\"readMoreLink\" href=\"https:\/\/maxcashtitleloans.com\/es\/como-obtener-su-efectivo\/\">Leer m\u00e1s<\/a><\/p>\n","protected":false},"author":32,"featured_media":0,"parent":0,"menu_order":0,"comment_status":"closed","ping_status":"open","template":"","meta":{"inline_featured_image":false,"footnotes":""},"class_list":["post-34233","page","type-page","status-publish","hentry"],"featured_image_src":null,"yoast_head":"<!-- This site is optimized with the Yoast SEO plugin v26.6 - https:\/\/yoast.com\/wordpress\/plugins\/seo\/ -->\n<title>C\u00f3mo obtener su efectivo - Max Cash\u00ae Title Loans<\/title>\n<meta name=\"description\" content=\"\u00bfComo obtienes tu efectivo despues de obtener el pr\u00e9stamo de titulo de automovil? RECOGER SU EFECTIVO ES LA MANERA MAS FACIL. Descubra todos los modos que puede recoger su efectivo para su prestamo de titulo de automovil.\" \/>\n<meta name=\"robots\" content=\"index, follow, max-snippet:-1, max-image-preview:large, max-video-preview:-1\" \/>\n<link rel=\"canonical\" href=\"https:\/\/maxcashtitleloans.com\/es\/como-obtener-su-efectivo\/\" \/>\n<meta property=\"og:locale\" content=\"es_ES\" \/>\n<meta property=\"og:type\" content=\"article\" \/>\n<meta property=\"og:title\" content=\"C\u00f3mo obtener su efectivo - Max Cash\u00ae Title Loans\" \/>\n<meta property=\"og:description\" content=\"\u00bfComo obtienes tu efectivo despues de obtener el pr\u00e9stamo de titulo de automovil? RECOGER SU EFECTIVO ES LA MANERA MAS FACIL. Descubra todos los modos que puede recoger su efectivo para su prestamo de titulo de automovil.\" \/>\n<meta property=\"og:url\" content=\"https:\/\/maxcashtitleloans.com\/es\/como-obtener-su-efectivo\/\" \/>\n<meta property=\"og:site_name\" content=\"Max Cash\u00ae Title Loans\" \/>\n<meta property=\"article:publisher\" content=\"https:\/\/www.facebook.com\/maxcashtitleloans\/\" \/>\n<meta property=\"article:modified_time\" content=\"2026-01-02T17:26:44+00:00\" \/>\n<meta name=\"twitter:label1\" content=\"Tiempo de lectura\" \/>\n\t<meta name=\"twitter:data1\" content=\"5 minutos\" \/>\n<script type=\"application\/ld+json\" class=\"yoast-schema-graph\">{\"@context\":\"https:\/\/schema.org\",\"@graph\":[{\"@type\":\"WebPage\",\"@id\":\"https:\/\/maxcashtitleloans.com\/es\/como-obtener-su-efectivo\/\",\"url\":\"https:\/\/maxcashtitleloans.com\/es\/como-obtener-su-efectivo\/\",\"name\":\"C\u00f3mo obtener su efectivo - Max Cash\u00ae Title Loans\",\"isPartOf\":{\"@id\":\"https:\/\/maxcashtitleloans.com\/es\/#website\"},\"datePublished\":\"2021-01-20T17:20:50+00:00\",\"dateModified\":\"2026-01-02T17:26:44+00:00\",\"description\":\"\u00bfComo obtienes tu efectivo despues de obtener el pr\u00e9stamo de titulo de automovil? RECOGER SU EFECTIVO ES LA MANERA MAS FACIL. Descubra todos los modos que puede recoger su efectivo para su prestamo de titulo de automovil.\",\"breadcrumb\":{\"@id\":\"https:\/\/maxcashtitleloans.com\/es\/como-obtener-su-efectivo\/#breadcrumb\"},\"inLanguage\":\"es\",\"potentialAction\":[{\"@type\":\"ReadAction\",\"target\":[\"https:\/\/maxcashtitleloans.com\/es\/como-obtener-su-efectivo\/\"]}]},{\"@type\":\"BreadcrumbList\",\"@id\":\"https:\/\/maxcashtitleloans.com\/es\/como-obtener-su-efectivo\/#breadcrumb\",\"itemListElement\":[{\"@type\":\"ListItem\",\"position\":1,\"name\":\"Home\",\"item\":\"https:\/\/maxcashtitleloans.com\/es\/\"},{\"@type\":\"ListItem\",\"position\":2,\"name\":\"C\u00f3mo obtener su efectivo\"}]},{\"@type\":\"WebSite\",\"@id\":\"https:\/\/maxcashtitleloans.com\/es\/#website\",\"url\":\"https:\/\/maxcashtitleloans.com\/es\/\",\"name\":\"Max Cash\u00ae Title Loans\",\"description\":\"\",\"publisher\":{\"@id\":\"https:\/\/maxcashtitleloans.com\/es\/#organization\"},\"alternateName\":\"Max Cash Title Loans\",\"potentialAction\":[{\"@type\":\"SearchAction\",\"target\":{\"@type\":\"EntryPoint\",\"urlTemplate\":\"https:\/\/maxcashtitleloans.com\/es\/?s={search_term_string}\"},\"query-input\":{\"@type\":\"PropertyValueSpecification\",\"valueRequired\":true,\"valueName\":\"search_term_string\"}}],\"inLanguage\":\"es\"},{\"@type\":\"Organization\",\"@id\":\"https:\/\/maxcashtitleloans.com\/es\/#organization\",\"name\":\"Max Cash&reg; Title Loans\",\"alternateName\":\"Max Cash Title Loans\",\"url\":\"https:\/\/maxcashtitleloans.com\/es\/\",\"logo\":{\"@type\":\"ImageObject\",\"inLanguage\":\"es\",\"@id\":\"https:\/\/maxcashtitleloans.com\/es\/#\/schema\/logo\/image\/\",\"url\":\"https:\/\/maxcashtitleloans.com\/wp-content\/uploads\/2020\/10\/updated-logo.png\",\"contentUrl\":\"https:\/\/maxcashtitleloans.com\/wp-content\/uploads\/2020\/10\/updated-logo.png\",\"width\":226,\"height\":70,\"caption\":\"Max Cash&reg; Title Loans\"},\"image\":{\"@id\":\"https:\/\/maxcashtitleloans.com\/es\/#\/schema\/logo\/image\/\"},\"sameAs\":[\"https:\/\/www.facebook.com\/maxcashtitleloans\/\",\"https:\/\/x.com\/MCTitleLoans\"]}]}<\/script>\n<!-- \/ Yoast SEO plugin. -->","yoast_head_json":{"title":"C\u00f3mo obtener su efectivo - Max Cash\u00ae Title Loans","description":"\u00bfComo obtienes tu efectivo despues de obtener el pr\u00e9stamo de titulo de automovil? RECOGER SU EFECTIVO ES LA MANERA MAS FACIL. Descubra todos los modos que puede recoger su efectivo para su prestamo de titulo de automovil.","robots":{"index":"index","follow":"follow","max-snippet":"max-snippet:-1","max-image-preview":"max-image-preview:large","max-video-preview":"max-video-preview:-1"},"canonical":"https:\/\/maxcashtitleloans.com\/es\/como-obtener-su-efectivo\/","og_locale":"es_ES","og_type":"article","og_title":"C\u00f3mo obtener su efectivo - Max Cash\u00ae Title Loans","og_description":"\u00bfComo obtienes tu efectivo despues de obtener el pr\u00e9stamo de titulo de automovil? RECOGER SU EFECTIVO ES LA MANERA MAS FACIL. Descubra todos los modos que puede recoger su efectivo para su prestamo de titulo de automovil.","og_url":"https:\/\/maxcashtitleloans.com\/es\/como-obtener-su-efectivo\/","og_site_name":"Max Cash\u00ae Title Loans","article_publisher":"https:\/\/www.facebook.com\/maxcashtitleloans\/","article_modified_time":"2026-01-02T17:26:44+00:00","twitter_misc":{"Tiempo de lectura":"5 minutos"},"schema":{"@context":"https:\/\/schema.org","@graph":[{"@type":"WebPage","@id":"https:\/\/maxcashtitleloans.com\/es\/como-obtener-su-efectivo\/","url":"https:\/\/maxcashtitleloans.com\/es\/como-obtener-su-efectivo\/","name":"C\u00f3mo obtener su efectivo - Max Cash\u00ae Title Loans","isPartOf":{"@id":"https:\/\/maxcashtitleloans.com\/es\/#website"},"datePublished":"2021-01-20T17:20:50+00:00","dateModified":"2026-01-02T17:26:44+00:00","description":"\u00bfComo obtienes tu efectivo despues de obtener el pr\u00e9stamo de titulo de automovil? RECOGER SU EFECTIVO ES LA MANERA MAS FACIL. Descubra todos los modos que puede recoger su efectivo para su prestamo de titulo de automovil.","breadcrumb":{"@id":"https:\/\/maxcashtitleloans.com\/es\/como-obtener-su-efectivo\/#breadcrumb"},"inLanguage":"es","potentialAction":[{"@type":"ReadAction","target":["https:\/\/maxcashtitleloans.com\/es\/como-obtener-su-efectivo\/"]}]},{"@type":"BreadcrumbList","@id":"https:\/\/maxcashtitleloans.com\/es\/como-obtener-su-efectivo\/#breadcrumb","itemListElement":[{"@type":"ListItem","position":1,"name":"Home","item":"https:\/\/maxcashtitleloans.com\/es\/"},{"@type":"ListItem","position":2,"name":"C\u00f3mo obtener su efectivo"}]},{"@type":"WebSite","@id":"https:\/\/maxcashtitleloans.com\/es\/#website","url":"https:\/\/maxcashtitleloans.com\/es\/","name":"Max Cash\u00ae Title Loans","description":"","publisher":{"@id":"https:\/\/maxcashtitleloans.com\/es\/#organization"},"alternateName":"Max Cash Title Loans","potentialAction":[{"@type":"SearchAction","target":{"@type":"EntryPoint","urlTemplate":"https:\/\/maxcashtitleloans.com\/es\/?s={search_term_string}"},"query-input":{"@type":"PropertyValueSpecification","valueRequired":true,"valueName":"search_term_string"}}],"inLanguage":"es"},{"@type":"Organization","@id":"https:\/\/maxcashtitleloans.com\/es\/#organization","name":"Max Cash&reg; Title Loans","alternateName":"Max Cash Title Loans","url":"https:\/\/maxcashtitleloans.com\/es\/","logo":{"@type":"ImageObject","inLanguage":"es","@id":"https:\/\/maxcashtitleloans.com\/es\/#\/schema\/logo\/image\/","url":"https:\/\/maxcashtitleloans.com\/wp-content\/uploads\/2020\/10\/updated-logo.png","contentUrl":"https:\/\/maxcashtitleloans.com\/wp-content\/uploads\/2020\/10\/updated-logo.png","width":226,"height":70,"caption":"Max Cash&reg; Title Loans"},"image":{"@id":"https:\/\/maxcashtitleloans.com\/es\/#\/schema\/logo\/image\/"},"sameAs":["https:\/\/www.facebook.com\/maxcashtitleloans\/","https:\/\/x.com\/MCTitleLoans"]}]}},"_links":{"self":[{"href":"https:\/\/maxcashtitleloans.com\/es\/wp-json\/wp\/v2\/pages\/34233","targetHints":{"allow":["GET"]}}],"collection":[{"href":"https:\/\/maxcashtitleloans.com\/es\/wp-json\/wp\/v2\/pages"}],"about":[{"href":"https:\/\/maxcashtitleloans.com\/es\/wp-json\/wp\/v2\/types\/page"}],"author":[{"embeddable":true,"href":"https:\/\/maxcashtitleloans.com\/es\/wp-json\/wp\/v2\/users\/32"}],"replies":[{"embeddable":true,"href":"https:\/\/maxcashtitleloans.com\/es\/wp-json\/wp\/v2\/comments?post=34233"}],"version-history":[{"count":5,"href":"https:\/\/maxcashtitleloans.com\/es\/wp-json\/wp\/v2\/pages\/34233\/revisions"}],"predecessor-version":[{"id":43288,"href":"https:\/\/maxcashtitleloans.com\/es\/wp-json\/wp\/v2\/pages\/34233\/revisions\/43288"}],"wp:attachment":[{"href":"https:\/\/maxcashtitleloans.com\/es\/wp-json\/wp\/v2\/media?parent=34233"}],"curies":[{"name":"wp","href":"https:\/\/api.w.org\/{rel}","templated":true}]}}