{"id":35724,"date":"2021-03-03T04:54:23","date_gmt":"2021-03-03T12:54:23","guid":{"rendered":"https:\/\/www.maxcashtitleloans.com\/?page_id=35724"},"modified":"2023-07-07T20:57:59","modified_gmt":"2023-07-08T03:57:59","slug":"educacion-sobre-prestamos-de-titulo","status":"publish","type":"page","link":"https:\/\/maxcashtitleloans.com\/es\/educacion-sobre-prestamos-de-titulo\/","title":{"rendered":"Educaci\u00f3n sobre pr\u00e9stamos de t\u00edtulo"},"content":{"rendered":"\n<h5 class=\"wp-block-heading mb-4\">Haga clic en un enlace a continuaci\u00f3n para obtener m\u00e1s informaci\u00f3n:<\/h5>\n\n\n<ul class=\"lcp_catlist\" id=\"lcp_instance_0\"><\/ul>\n\n\n\n<p><\/p>\n\n\n\n<script>\n  (function(){\n\n    var postTitle = document.querySelector('h1').innerText;\n    var postContent = document.querySelector('.entry-content').innerText.trim();\n    var dateModified = document.querySelector('meta[property=\"article:modified_time\"]').getAttribute('content');\n    var data =\n{\n  \"@context\": \"http:\/\/schema.org\",\n  \"@type\": \"Article\",\n  \"headline\": postTitle,\n  \"description\": \"Getting a title loan is easy! We have streamlined the process to ensure your title loan experience is fast and enjoyable.\",\n  \"url\": document.location.href,\n  \"author\": \"Max Cash\u00ae Title Loans\",\n  \"articleSection\": \"How Do Car Title Loans Work?\",\n  \"articleBody\": postContent,\n  \"datePublished\": '2020-08-07T17:23:58+00:00',\n  \"image\": document.location.origin + \"\/wp-content\/uploads\/2020\/07\/maxcash-title-loans-new-logo-1.png\",\n  \"copyrightHolder\": {\n                \"@type\": \"CreativeWork\",\n                \"name\": \"Tradition Media Group, LLC DBA Max Cash Title Loans\",\n                \"image\": document.location.origin + \"\/wp-content\/uploads\/2020\/07\/maxcash-title-loans-new-logo-1.png\"\n    },\n  \"isFamilyFriendly\": \"true\",\n  \"inLanguage\": \"English\",\n \"publisher\": {\n        \"@type\": \"Organization\",\n        \"name\": \"Max Cash Title Loans\",\n        \"logo\": {\n            \"@type\": \"ImageObject\",\n            \"name\": \"Max Cash Title Loans Logo\",\n            \"width\": \"48\",\n            \"height\": \"188\",\n            \"url\": document.location.origin + \"\/wp-content\/uploads\/2020\/07\/maxcash-title-loans-new-logo-1.png\"\n        }\n    },\n  \"dateModified\": dateModified,\n  \"mainEntityofPage\": {\n                \"@type\": \"Website\",\n                \"@id\": document.location.origin\n  }};\n  var script = document.createElement('script');\n  script.type = \"application\/ld+json\";\n  script.innerHTML = JSON.stringify(data);\n  document.getElementsByTagName('head')[0].appendChild(script); \n  })(document);\n<\/script>\n<script type=\"application\/ld+json\">\n\t{\n\t\t\"@context\": \"https:\/\/schema.org\",\n\t\t\"@type\": \"LoanOrCredit\",\n\t\t\"name\": \"Tradition Media Group, LLC DBA Max Cash Title Loans\",\n\t\t\"brand\": \"Max Cash Title Loans\",\n\t\t\"amount\": \"$500-$50000\",\n\t\t\"currency\": \"USD\",\n\t\t\"areaServed\": [\n\t\t\t\"AL\",\n\t\t\t\"AK\",\n\t\t\t\"AZ\",\n\t\t\t\"AR\",\n\t\t\t\"CA\",\n\t\t\t\"CO\",\n\t\t\t\"CT\",\n\t\t\t\"DE\",\n\t\t\t\"DC\",\n\t\t\t\"FL\",\n\t\t\t\"GA\",\n\t\t\t\"HI\",\n\t\t\t\"ID\",\n\t\t\t\"IL\",\n\t\t\t\"IN\",\n\t\t\t\"IA\",\n\t\t\t\"KS\",\n\t\t\t\"KY\",\n\t\t\t\"LA\",\n\t\t\t\"ME\",\n\t\t\t\"MD\",\n\t\t\t\"MA\",\n\t\t\t\"MI\",\n\t\t\t\"MN\",\n\t\t\t\"MS\",\n\t\t\t\"MO\",\n\t\t\t\"MT\",\n\t\t\t\"NE\",\n\t\t\t\"NV\",\n\t\t\t\"NH\",\n\t\t\t\"NJ\",\n\t\t\t\"NM\",\n\t\t\t\"NC\",\n\t\t\t\"ND\",\n\t\t\t\"OH\",\n\t\t\t\"OH\",\n\t\t\t\"OR\",\n\t\t\t\"RI\",\n\t\t\t\"SC\",\n\t\t\t\"SD\",\n\t\t\t\"TN\",\n\t\t\t\"TX\",\n\t\t\t\"UT\",\n\t\t\t\"VT\",\n\t\t\t\"VA\",\n\t\t\t\"WA\",\n\t\t\t\"WV\",\n\t\t\t\"WI\",\n\t\t\t\"WY\"\n\t\t],\n\t\t\"availableChannel\": {\n\t\t\t\"@type\": \"ServiceChannel\",\n\t\t\t\"serviceUrl\": \"http:\/\/maxcashtitleloans.test\/apply-now\/\",\n\t\t\t\"servicePhone\": {\n\t\t\t\t\"@type\": \"ContactPoint\",\n\t\t\t\t\"telephone\": \"+18555615626\"\n\t\t\t}\n\t\t},\n\t\t\"category\": \"Title Loans\",\n\t\t\"hoursAvailable\": [\"Mo-Fr 08:00-21:00\", \"Sa 10:00-18:00\", \"Su 11:00-19:00\"],\n\t\t\"logo\": \"http:\/\/maxcashtitleloans.test\/wp-content\/uploads\/2020\/10\/updated-logo.png\",\n\t\t\"serviceType\": \"Quick Cash\",\n\t\t\"sameAs\": [\n\t\t\t\"https:\/\/www.facebook.com\/maxcashtitleloans\/\",\n\t\t\t\"https:\/\/twitter.com\/mctitleloans\"\n\t\t]\n\t}\n<\/script>\n","protected":false},"excerpt":{"rendered":"<p>Haga clic en un enlace a continuaci\u00f3n para obtener m\u00e1s informaci\u00f3n:<\/p>\n","protected":false},"author":32,"featured_media":0,"parent":0,"menu_order":0,"comment_status":"closed","ping_status":"closed","template":"","meta":{"inline_featured_image":false,"footnotes":""},"class_list":["post-35724","page","type-page","status-publish","hentry"],"featured_image_src":null,"yoast_head":"<!-- This site is optimized with the Yoast SEO plugin v26.6 - https:\/\/yoast.com\/wordpress\/plugins\/seo\/ -->\n<title>Educaci\u00f3n sobre pr\u00e9stamos de t\u00edtulo - Max Cash\u00ae Title Loans<\/title>\n<meta name=\"description\" content=\"Por favor use nuestros recursos en Max Cash Title Loans para ayudarle con la informacion antes que obtenga su pr\u00e9stamo. \u00a1Nuestro programa de educacion de prestamos esta para ayudarle!\" \/>\n<meta name=\"robots\" content=\"index, follow, max-snippet:-1, max-image-preview:large, max-video-preview:-1\" \/>\n<link rel=\"canonical\" href=\"https:\/\/maxcashtitleloans.com\/es\/educacion-sobre-prestamos-de-titulo\/\" \/>\n<meta property=\"og:locale\" content=\"es_ES\" \/>\n<meta property=\"og:type\" content=\"article\" \/>\n<meta property=\"og:title\" content=\"Educaci\u00f3n sobre pr\u00e9stamos de t\u00edtulo - Max Cash\u00ae Title Loans\" \/>\n<meta property=\"og:description\" content=\"Por favor use nuestros recursos en Max Cash Title Loans para ayudarle con la informacion antes que obtenga su pr\u00e9stamo. \u00a1Nuestro programa de educacion de prestamos esta para ayudarle!\" \/>\n<meta property=\"og:url\" content=\"https:\/\/maxcashtitleloans.com\/es\/educacion-sobre-prestamos-de-titulo\/\" \/>\n<meta property=\"og:site_name\" content=\"Max Cash\u00ae Title Loans\" \/>\n<meta property=\"article:publisher\" content=\"https:\/\/www.facebook.com\/maxcashtitleloans\/\" \/>\n<meta property=\"article:modified_time\" content=\"2023-07-08T03:57:59+00:00\" \/>\n<meta name=\"twitter:label1\" content=\"Tiempo de lectura\" \/>\n\t<meta name=\"twitter:data1\" content=\"1 minuto\" \/>\n<script type=\"application\/ld+json\" class=\"yoast-schema-graph\">{\"@context\":\"https:\/\/schema.org\",\"@graph\":[{\"@type\":\"WebPage\",\"@id\":\"https:\/\/maxcashtitleloans.com\/es\/educacion-sobre-prestamos-de-titulo\/\",\"url\":\"https:\/\/maxcashtitleloans.com\/es\/educacion-sobre-prestamos-de-titulo\/\",\"name\":\"Educaci\u00f3n sobre pr\u00e9stamos de t\u00edtulo - Max Cash\u00ae Title Loans\",\"isPartOf\":{\"@id\":\"https:\/\/maxcashtitleloans.com\/es\/#website\"},\"datePublished\":\"2021-03-03T12:54:23+00:00\",\"dateModified\":\"2023-07-08T03:57:59+00:00\",\"description\":\"Por favor use nuestros recursos en Max Cash Title Loans para ayudarle con la informacion antes que obtenga su pr\u00e9stamo. \u00a1Nuestro programa de educacion de prestamos esta para ayudarle!\",\"breadcrumb\":{\"@id\":\"https:\/\/maxcashtitleloans.com\/es\/educacion-sobre-prestamos-de-titulo\/#breadcrumb\"},\"inLanguage\":\"es\",\"potentialAction\":[{\"@type\":\"ReadAction\",\"target\":[\"https:\/\/maxcashtitleloans.com\/es\/educacion-sobre-prestamos-de-titulo\/\"]}]},{\"@type\":\"BreadcrumbList\",\"@id\":\"https:\/\/maxcashtitleloans.com\/es\/educacion-sobre-prestamos-de-titulo\/#breadcrumb\",\"itemListElement\":[{\"@type\":\"ListItem\",\"position\":1,\"name\":\"Home\",\"item\":\"https:\/\/maxcashtitleloans.com\/es\/\"},{\"@type\":\"ListItem\",\"position\":2,\"name\":\"Educaci\u00f3n sobre pr\u00e9stamos de t\u00edtulo\"}]},{\"@type\":\"WebSite\",\"@id\":\"https:\/\/maxcashtitleloans.com\/es\/#website\",\"url\":\"https:\/\/maxcashtitleloans.com\/es\/\",\"name\":\"Max Cash\u00ae Title Loans\",\"description\":\"\",\"publisher\":{\"@id\":\"https:\/\/maxcashtitleloans.com\/es\/#organization\"},\"alternateName\":\"Max Cash Title Loans\",\"potentialAction\":[{\"@type\":\"SearchAction\",\"target\":{\"@type\":\"EntryPoint\",\"urlTemplate\":\"https:\/\/maxcashtitleloans.com\/es\/?s={search_term_string}\"},\"query-input\":{\"@type\":\"PropertyValueSpecification\",\"valueRequired\":true,\"valueName\":\"search_term_string\"}}],\"inLanguage\":\"es\"},{\"@type\":\"Organization\",\"@id\":\"https:\/\/maxcashtitleloans.com\/es\/#organization\",\"name\":\"Max Cash&reg; Title Loans\",\"alternateName\":\"Max Cash Title Loans\",\"url\":\"https:\/\/maxcashtitleloans.com\/es\/\",\"logo\":{\"@type\":\"ImageObject\",\"inLanguage\":\"es\",\"@id\":\"https:\/\/maxcashtitleloans.com\/es\/#\/schema\/logo\/image\/\",\"url\":\"https:\/\/maxcashtitleloans.com\/wp-content\/uploads\/2020\/10\/updated-logo.png\",\"contentUrl\":\"https:\/\/maxcashtitleloans.com\/wp-content\/uploads\/2020\/10\/updated-logo.png\",\"width\":226,\"height\":70,\"caption\":\"Max Cash&reg; Title Loans\"},\"image\":{\"@id\":\"https:\/\/maxcashtitleloans.com\/es\/#\/schema\/logo\/image\/\"},\"sameAs\":[\"https:\/\/www.facebook.com\/maxcashtitleloans\/\",\"https:\/\/x.com\/MCTitleLoans\"]}]}<\/script>\n<!-- \/ Yoast SEO plugin. -->","yoast_head_json":{"title":"Educaci\u00f3n sobre pr\u00e9stamos de t\u00edtulo - Max Cash\u00ae Title Loans","description":"Por favor use nuestros recursos en Max Cash Title Loans para ayudarle con la informacion antes que obtenga su pr\u00e9stamo. \u00a1Nuestro programa de educacion de prestamos esta para ayudarle!","robots":{"index":"index","follow":"follow","max-snippet":"max-snippet:-1","max-image-preview":"max-image-preview:large","max-video-preview":"max-video-preview:-1"},"canonical":"https:\/\/maxcashtitleloans.com\/es\/educacion-sobre-prestamos-de-titulo\/","og_locale":"es_ES","og_type":"article","og_title":"Educaci\u00f3n sobre pr\u00e9stamos de t\u00edtulo - Max Cash\u00ae Title Loans","og_description":"Por favor use nuestros recursos en Max Cash Title Loans para ayudarle con la informacion antes que obtenga su pr\u00e9stamo. \u00a1Nuestro programa de educacion de prestamos esta para ayudarle!","og_url":"https:\/\/maxcashtitleloans.com\/es\/educacion-sobre-prestamos-de-titulo\/","og_site_name":"Max Cash\u00ae Title Loans","article_publisher":"https:\/\/www.facebook.com\/maxcashtitleloans\/","article_modified_time":"2023-07-08T03:57:59+00:00","twitter_misc":{"Tiempo de lectura":"1 minuto"},"schema":{"@context":"https:\/\/schema.org","@graph":[{"@type":"WebPage","@id":"https:\/\/maxcashtitleloans.com\/es\/educacion-sobre-prestamos-de-titulo\/","url":"https:\/\/maxcashtitleloans.com\/es\/educacion-sobre-prestamos-de-titulo\/","name":"Educaci\u00f3n sobre pr\u00e9stamos de t\u00edtulo - Max Cash\u00ae Title Loans","isPartOf":{"@id":"https:\/\/maxcashtitleloans.com\/es\/#website"},"datePublished":"2021-03-03T12:54:23+00:00","dateModified":"2023-07-08T03:57:59+00:00","description":"Por favor use nuestros recursos en Max Cash Title Loans para ayudarle con la informacion antes que obtenga su pr\u00e9stamo. \u00a1Nuestro programa de educacion de prestamos esta para ayudarle!","breadcrumb":{"@id":"https:\/\/maxcashtitleloans.com\/es\/educacion-sobre-prestamos-de-titulo\/#breadcrumb"},"inLanguage":"es","potentialAction":[{"@type":"ReadAction","target":["https:\/\/maxcashtitleloans.com\/es\/educacion-sobre-prestamos-de-titulo\/"]}]},{"@type":"BreadcrumbList","@id":"https:\/\/maxcashtitleloans.com\/es\/educacion-sobre-prestamos-de-titulo\/#breadcrumb","itemListElement":[{"@type":"ListItem","position":1,"name":"Home","item":"https:\/\/maxcashtitleloans.com\/es\/"},{"@type":"ListItem","position":2,"name":"Educaci\u00f3n sobre pr\u00e9stamos de t\u00edtulo"}]},{"@type":"WebSite","@id":"https:\/\/maxcashtitleloans.com\/es\/#website","url":"https:\/\/maxcashtitleloans.com\/es\/","name":"Max Cash\u00ae Title Loans","description":"","publisher":{"@id":"https:\/\/maxcashtitleloans.com\/es\/#organization"},"alternateName":"Max Cash Title Loans","potentialAction":[{"@type":"SearchAction","target":{"@type":"EntryPoint","urlTemplate":"https:\/\/maxcashtitleloans.com\/es\/?s={search_term_string}"},"query-input":{"@type":"PropertyValueSpecification","valueRequired":true,"valueName":"search_term_string"}}],"inLanguage":"es"},{"@type":"Organization","@id":"https:\/\/maxcashtitleloans.com\/es\/#organization","name":"Max Cash&reg; Title Loans","alternateName":"Max Cash Title Loans","url":"https:\/\/maxcashtitleloans.com\/es\/","logo":{"@type":"ImageObject","inLanguage":"es","@id":"https:\/\/maxcashtitleloans.com\/es\/#\/schema\/logo\/image\/","url":"https:\/\/maxcashtitleloans.com\/wp-content\/uploads\/2020\/10\/updated-logo.png","contentUrl":"https:\/\/maxcashtitleloans.com\/wp-content\/uploads\/2020\/10\/updated-logo.png","width":226,"height":70,"caption":"Max Cash&reg; Title Loans"},"image":{"@id":"https:\/\/maxcashtitleloans.com\/es\/#\/schema\/logo\/image\/"},"sameAs":["https:\/\/www.facebook.com\/maxcashtitleloans\/","https:\/\/x.com\/MCTitleLoans"]}]}},"_links":{"self":[{"href":"https:\/\/maxcashtitleloans.com\/es\/wp-json\/wp\/v2\/pages\/35724","targetHints":{"allow":["GET"]}}],"collection":[{"href":"https:\/\/maxcashtitleloans.com\/es\/wp-json\/wp\/v2\/pages"}],"about":[{"href":"https:\/\/maxcashtitleloans.com\/es\/wp-json\/wp\/v2\/types\/page"}],"author":[{"embeddable":true,"href":"https:\/\/maxcashtitleloans.com\/es\/wp-json\/wp\/v2\/users\/32"}],"replies":[{"embeddable":true,"href":"https:\/\/maxcashtitleloans.com\/es\/wp-json\/wp\/v2\/comments?post=35724"}],"version-history":[{"count":4,"href":"https:\/\/maxcashtitleloans.com\/es\/wp-json\/wp\/v2\/pages\/35724\/revisions"}],"predecessor-version":[{"id":38173,"href":"https:\/\/maxcashtitleloans.com\/es\/wp-json\/wp\/v2\/pages\/35724\/revisions\/38173"}],"wp:attachment":[{"href":"https:\/\/maxcashtitleloans.com\/es\/wp-json\/wp\/v2\/media?parent=35724"}],"curies":[{"name":"wp","href":"https:\/\/api.w.org\/{rel}","templated":true}]}}