{"id":40398,"date":"2024-09-10T07:47:18","date_gmt":"2024-09-10T14:47:18","guid":{"rendered":"https:\/\/maxcashtitleloans.com\/?page_id=40398"},"modified":"2025-12-08T06:44:13","modified_gmt":"2025-12-08T14:44:13","slug":"acerca","status":"publish","type":"page","link":"https:\/\/maxcashtitleloans.com\/es\/acerca\/","title":{"rendered":"Acerca de Max Cash Title Loans"},"content":{"rendered":"\n<p>Max Cash\u00ae Title Loans es un proveedor l\u00edder de servicios de pr\u00e9stamos con t\u00edtulo r\u00e1pidos y convenientes en l\u00ednea. Con un proceso de solicitud simplificado y un compromiso con un servicio de primer nivel, Max Cash Title Loans ayuda a las personas en todo el pa\u00eds a acceder a los fondos que necesitan de manera r\u00e1pida y sencilla.<\/p>\n\n\n\n<p>Nuestro equipo completo de profesionales capacitados est\u00e1 siempre disponible para ayudar, <strong>las 24 horas del d\u00eda, los 7 d\u00edas de la semana, los 365 d\u00edas del a\u00f1o<\/strong>.<\/p>\n\n\n\n<p>Max Cash Title Loans ha estado en la industria de pr\u00e9stamos con t\u00edtulo por m\u00e1s de una d\u00e9cada, por lo que cuando se trata de obtener el mejor trato, sabemos lo que se necesita. Max Cash Title Loans trabaja arduamente 7 d\u00edas a la semana para asegurarse de que personas como usted que buscan pr\u00e9stamos con t\u00edtulo encuentren las tasas m\u00e1s competitivas y t\u00e9rminos convenientes.<\/p>\n\n\n\n<p>Comience en l\u00ednea, desde la comodidad de su hogar, sin tener que lidiar con citas innecesarias o requisitos irrazonables. Max Cash Title Loans se esfuerza por hacer las cosas f\u00e1ciles, para que pueda enfocarse en lo que es importante: obtener su dinero si es elegible.<\/p>\n\n\n\n<hr class=\"wp-block-separator has-alpha-channel-opacity\"\/>\n\n\n\n<h2 class=\"wp-block-heading mb-5\">Contacto Max Cash Title Loans\u00ae<\/h2>\n\n\n\n<div class=\"wp-block-columns is-layout-flex wp-container-core-columns-is-layout-9d6595d7 wp-block-columns-is-layout-flex\">\n<div class=\"wp-block-column is-layout-flow wp-block-column-is-layout-flow\">\n<h3 class=\"wp-block-heading\"><strong>Tradition Media Group, LLC<\/strong><\/h3>\n\n\n\n<p><strong>DBA Max Cash Title Loans<\/strong><br>5870 Hwy 6 N Suite 204<br>Houston, TX 77084<\/p>\n\n\n\n<p class=\"btn\"><a href=\"https:\/\/maxcashtitleloans.com\/es\/ponerse-en-contacto\/\"  style = \"; ; ; \n                                color :#000000; text-decoration: none !important; font-weight: inherit !important; font-style: unset !important;\">Ponerse En Contacto<\/a><\/p>\n<\/div>\n\n\n\n<div class=\"wp-block-column is-layout-flow wp-block-column-is-layout-flow\">\n<figure class=\"wp-block-image alignfull\"><img decoding=\"async\" src=\"https:\/\/maxcashtitleloans.com\/wp-content\/uploads\/2024\/08\/contact-mctl-img.jpg\" alt=\"\"\/><\/figure>\n<\/div>\n<\/div>\n\n\n\n<style>\np.btn{\npadding: 0;\n}\np.btn a {\n    display: inline-block;\n    color: #FFF !important;\n    text-align: center;\n    font-size: 18px;\n    font-weight: 700 !important;\n    line-height: normal;\n    background: #29B57A;\n    padding: 16px;\n    max-width: 230px;\n    text-align: center;\n    text-decoration: none;\n    border-radius: 0;\n    width: 100%;\n}\n\np > br {\nmargin: 0 !important;\n}\n<\/style>\n","protected":false},"excerpt":{"rendered":"<p>Max Cash\u00ae Title Loans es un proveedor l\u00edder de servicios de pr\u00e9stamos con t\u00edtulo r\u00e1pidos y convenientes en l\u00ednea. Con un proceso de solicitud simplificado y un compromiso con un servicio de primer nivel, Max Cash Title Loans ayuda a las personas en todo el pa\u00eds a acceder a los fondos que necesitan de manera\u2026 <a class=\"readMoreLink\" href=\"https:\/\/maxcashtitleloans.com\/es\/acerca\/\">Leer m\u00e1s<\/a><\/p>\n","protected":false},"author":32,"featured_media":0,"parent":0,"menu_order":0,"comment_status":"closed","ping_status":"closed","template":"content-with-sidebar.php","meta":{"inline_featured_image":false,"footnotes":""},"class_list":["post-40398","page","type-page","status-publish","hentry"],"featured_image_src":null,"yoast_head":"<!-- This site is optimized with the Yoast SEO plugin v26.6 - https:\/\/yoast.com\/wordpress\/plugins\/seo\/ -->\n<title>Acerca de Max Cash Title Loans - Max Cash\u00ae Title Loans<\/title>\n<meta name=\"description\" content=\"Sobre Max Cash\u00ae Title Loans: a\u00f1os de experiencia conectando a prestatarios con opciones de pr\u00e9stamos de t\u00edtulo. Servicio amable, aprobaciones r\u00e1pidas y soporte en espa\u00f1ol.\" \/>\n<meta name=\"robots\" content=\"index, follow, max-snippet:-1, max-image-preview:large, max-video-preview:-1\" \/>\n<link rel=\"canonical\" href=\"https:\/\/maxcashtitleloans.com\/es\/acerca\/\" \/>\n<meta property=\"og:locale\" content=\"es_ES\" \/>\n<meta property=\"og:type\" content=\"article\" \/>\n<meta property=\"og:title\" content=\"Acerca de Max Cash Title Loans - Max Cash\u00ae Title Loans\" \/>\n<meta property=\"og:description\" content=\"Sobre Max Cash\u00ae Title Loans: a\u00f1os de experiencia conectando a prestatarios con opciones de pr\u00e9stamos de t\u00edtulo. Servicio amable, aprobaciones r\u00e1pidas y soporte en espa\u00f1ol.\" \/>\n<meta property=\"og:url\" content=\"https:\/\/maxcashtitleloans.com\/es\/acerca\/\" \/>\n<meta property=\"og:site_name\" content=\"Max Cash\u00ae Title Loans\" \/>\n<meta property=\"article:publisher\" content=\"https:\/\/www.facebook.com\/maxcashtitleloans\/\" \/>\n<meta property=\"article:modified_time\" content=\"2025-12-08T14:44:13+00:00\" \/>\n<meta property=\"og:image\" content=\"https:\/\/maxcashtitleloans.com\/wp-content\/uploads\/2024\/08\/contact-mctl-img.jpg\" \/>\n<meta name=\"twitter:label1\" content=\"Tiempo de lectura\" \/>\n\t<meta name=\"twitter:data1\" content=\"1 minuto\" \/>\n<script type=\"application\/ld+json\" class=\"yoast-schema-graph\">{\"@context\":\"https:\/\/schema.org\",\"@graph\":[{\"@type\":\"WebPage\",\"@id\":\"https:\/\/maxcashtitleloans.com\/es\/acerca\/\",\"url\":\"https:\/\/maxcashtitleloans.com\/es\/acerca\/\",\"name\":\"Acerca de Max Cash Title Loans - Max Cash\u00ae Title Loans\",\"isPartOf\":{\"@id\":\"https:\/\/maxcashtitleloans.com\/es\/#website\"},\"primaryImageOfPage\":{\"@id\":\"https:\/\/maxcashtitleloans.com\/es\/acerca\/#primaryimage\"},\"image\":{\"@id\":\"https:\/\/maxcashtitleloans.com\/es\/acerca\/#primaryimage\"},\"thumbnailUrl\":\"https:\/\/maxcashtitleloans.com\/wp-content\/uploads\/2024\/08\/contact-mctl-img.jpg\",\"datePublished\":\"2024-09-10T14:47:18+00:00\",\"dateModified\":\"2025-12-08T14:44:13+00:00\",\"description\":\"Sobre Max Cash\u00ae Title Loans: a\u00f1os de experiencia conectando a prestatarios con opciones de pr\u00e9stamos de t\u00edtulo. Servicio amable, aprobaciones r\u00e1pidas y soporte en espa\u00f1ol.\",\"breadcrumb\":{\"@id\":\"https:\/\/maxcashtitleloans.com\/es\/acerca\/#breadcrumb\"},\"inLanguage\":\"es\",\"potentialAction\":[{\"@type\":\"ReadAction\",\"target\":[\"https:\/\/maxcashtitleloans.com\/es\/acerca\/\"]}]},{\"@type\":\"ImageObject\",\"inLanguage\":\"es\",\"@id\":\"https:\/\/maxcashtitleloans.com\/es\/acerca\/#primaryimage\",\"url\":\"https:\/\/maxcashtitleloans.com\/wp-content\/uploads\/2024\/08\/contact-mctl-img.jpg\",\"contentUrl\":\"https:\/\/maxcashtitleloans.com\/wp-content\/uploads\/2024\/08\/contact-mctl-img.jpg\"},{\"@type\":\"BreadcrumbList\",\"@id\":\"https:\/\/maxcashtitleloans.com\/es\/acerca\/#breadcrumb\",\"itemListElement\":[{\"@type\":\"ListItem\",\"position\":1,\"name\":\"Home\",\"item\":\"https:\/\/maxcashtitleloans.com\/es\/\"},{\"@type\":\"ListItem\",\"position\":2,\"name\":\"Acerca de Max Cash Title Loans\"}]},{\"@type\":\"WebSite\",\"@id\":\"https:\/\/maxcashtitleloans.com\/es\/#website\",\"url\":\"https:\/\/maxcashtitleloans.com\/es\/\",\"name\":\"Max Cash\u00ae Title Loans\",\"description\":\"\",\"publisher\":{\"@id\":\"https:\/\/maxcashtitleloans.com\/es\/#organization\"},\"alternateName\":\"Max Cash Title Loans\",\"potentialAction\":[{\"@type\":\"SearchAction\",\"target\":{\"@type\":\"EntryPoint\",\"urlTemplate\":\"https:\/\/maxcashtitleloans.com\/es\/?s={search_term_string}\"},\"query-input\":{\"@type\":\"PropertyValueSpecification\",\"valueRequired\":true,\"valueName\":\"search_term_string\"}}],\"inLanguage\":\"es\"},{\"@type\":\"Organization\",\"@id\":\"https:\/\/maxcashtitleloans.com\/es\/#organization\",\"name\":\"Max Cash&reg; Title Loans\",\"alternateName\":\"Max Cash Title Loans\",\"url\":\"https:\/\/maxcashtitleloans.com\/es\/\",\"logo\":{\"@type\":\"ImageObject\",\"inLanguage\":\"es\",\"@id\":\"https:\/\/maxcashtitleloans.com\/es\/#\/schema\/logo\/image\/\",\"url\":\"https:\/\/maxcashtitleloans.com\/wp-content\/uploads\/2020\/10\/updated-logo.png\",\"contentUrl\":\"https:\/\/maxcashtitleloans.com\/wp-content\/uploads\/2020\/10\/updated-logo.png\",\"width\":226,\"height\":70,\"caption\":\"Max Cash&reg; Title Loans\"},\"image\":{\"@id\":\"https:\/\/maxcashtitleloans.com\/es\/#\/schema\/logo\/image\/\"},\"sameAs\":[\"https:\/\/www.facebook.com\/maxcashtitleloans\/\",\"https:\/\/x.com\/MCTitleLoans\"]}]}<\/script>\n<!-- \/ Yoast SEO plugin. -->","yoast_head_json":{"title":"Acerca de Max Cash Title Loans - Max Cash\u00ae Title Loans","description":"Sobre Max Cash\u00ae Title Loans: a\u00f1os de experiencia conectando a prestatarios con opciones de pr\u00e9stamos de t\u00edtulo. Servicio amable, aprobaciones r\u00e1pidas y soporte en espa\u00f1ol.","robots":{"index":"index","follow":"follow","max-snippet":"max-snippet:-1","max-image-preview":"max-image-preview:large","max-video-preview":"max-video-preview:-1"},"canonical":"https:\/\/maxcashtitleloans.com\/es\/acerca\/","og_locale":"es_ES","og_type":"article","og_title":"Acerca de Max Cash Title Loans - Max Cash\u00ae Title Loans","og_description":"Sobre Max Cash\u00ae Title Loans: a\u00f1os de experiencia conectando a prestatarios con opciones de pr\u00e9stamos de t\u00edtulo. Servicio amable, aprobaciones r\u00e1pidas y soporte en espa\u00f1ol.","og_url":"https:\/\/maxcashtitleloans.com\/es\/acerca\/","og_site_name":"Max Cash\u00ae Title Loans","article_publisher":"https:\/\/www.facebook.com\/maxcashtitleloans\/","article_modified_time":"2025-12-08T14:44:13+00:00","og_image":[{"url":"https:\/\/maxcashtitleloans.com\/wp-content\/uploads\/2024\/08\/contact-mctl-img.jpg","type":"","width":"","height":""}],"twitter_misc":{"Tiempo de lectura":"1 minuto"},"schema":{"@context":"https:\/\/schema.org","@graph":[{"@type":"WebPage","@id":"https:\/\/maxcashtitleloans.com\/es\/acerca\/","url":"https:\/\/maxcashtitleloans.com\/es\/acerca\/","name":"Acerca de Max Cash Title Loans - Max Cash\u00ae Title Loans","isPartOf":{"@id":"https:\/\/maxcashtitleloans.com\/es\/#website"},"primaryImageOfPage":{"@id":"https:\/\/maxcashtitleloans.com\/es\/acerca\/#primaryimage"},"image":{"@id":"https:\/\/maxcashtitleloans.com\/es\/acerca\/#primaryimage"},"thumbnailUrl":"https:\/\/maxcashtitleloans.com\/wp-content\/uploads\/2024\/08\/contact-mctl-img.jpg","datePublished":"2024-09-10T14:47:18+00:00","dateModified":"2025-12-08T14:44:13+00:00","description":"Sobre Max Cash\u00ae Title Loans: a\u00f1os de experiencia conectando a prestatarios con opciones de pr\u00e9stamos de t\u00edtulo. Servicio amable, aprobaciones r\u00e1pidas y soporte en espa\u00f1ol.","breadcrumb":{"@id":"https:\/\/maxcashtitleloans.com\/es\/acerca\/#breadcrumb"},"inLanguage":"es","potentialAction":[{"@type":"ReadAction","target":["https:\/\/maxcashtitleloans.com\/es\/acerca\/"]}]},{"@type":"ImageObject","inLanguage":"es","@id":"https:\/\/maxcashtitleloans.com\/es\/acerca\/#primaryimage","url":"https:\/\/maxcashtitleloans.com\/wp-content\/uploads\/2024\/08\/contact-mctl-img.jpg","contentUrl":"https:\/\/maxcashtitleloans.com\/wp-content\/uploads\/2024\/08\/contact-mctl-img.jpg"},{"@type":"BreadcrumbList","@id":"https:\/\/maxcashtitleloans.com\/es\/acerca\/#breadcrumb","itemListElement":[{"@type":"ListItem","position":1,"name":"Home","item":"https:\/\/maxcashtitleloans.com\/es\/"},{"@type":"ListItem","position":2,"name":"Acerca de Max Cash Title Loans"}]},{"@type":"WebSite","@id":"https:\/\/maxcashtitleloans.com\/es\/#website","url":"https:\/\/maxcashtitleloans.com\/es\/","name":"Max Cash\u00ae Title Loans","description":"","publisher":{"@id":"https:\/\/maxcashtitleloans.com\/es\/#organization"},"alternateName":"Max Cash Title Loans","potentialAction":[{"@type":"SearchAction","target":{"@type":"EntryPoint","urlTemplate":"https:\/\/maxcashtitleloans.com\/es\/?s={search_term_string}"},"query-input":{"@type":"PropertyValueSpecification","valueRequired":true,"valueName":"search_term_string"}}],"inLanguage":"es"},{"@type":"Organization","@id":"https:\/\/maxcashtitleloans.com\/es\/#organization","name":"Max Cash&reg; Title Loans","alternateName":"Max Cash Title Loans","url":"https:\/\/maxcashtitleloans.com\/es\/","logo":{"@type":"ImageObject","inLanguage":"es","@id":"https:\/\/maxcashtitleloans.com\/es\/#\/schema\/logo\/image\/","url":"https:\/\/maxcashtitleloans.com\/wp-content\/uploads\/2020\/10\/updated-logo.png","contentUrl":"https:\/\/maxcashtitleloans.com\/wp-content\/uploads\/2020\/10\/updated-logo.png","width":226,"height":70,"caption":"Max Cash&reg; Title Loans"},"image":{"@id":"https:\/\/maxcashtitleloans.com\/es\/#\/schema\/logo\/image\/"},"sameAs":["https:\/\/www.facebook.com\/maxcashtitleloans\/","https:\/\/x.com\/MCTitleLoans"]}]}},"_links":{"self":[{"href":"https:\/\/maxcashtitleloans.com\/es\/wp-json\/wp\/v2\/pages\/40398","targetHints":{"allow":["GET"]}}],"collection":[{"href":"https:\/\/maxcashtitleloans.com\/es\/wp-json\/wp\/v2\/pages"}],"about":[{"href":"https:\/\/maxcashtitleloans.com\/es\/wp-json\/wp\/v2\/types\/page"}],"author":[{"embeddable":true,"href":"https:\/\/maxcashtitleloans.com\/es\/wp-json\/wp\/v2\/users\/32"}],"replies":[{"embeddable":true,"href":"https:\/\/maxcashtitleloans.com\/es\/wp-json\/wp\/v2\/comments?post=40398"}],"version-history":[{"count":13,"href":"https:\/\/maxcashtitleloans.com\/es\/wp-json\/wp\/v2\/pages\/40398\/revisions"}],"predecessor-version":[{"id":42818,"href":"https:\/\/maxcashtitleloans.com\/es\/wp-json\/wp\/v2\/pages\/40398\/revisions\/42818"}],"wp:attachment":[{"href":"https:\/\/maxcashtitleloans.com\/es\/wp-json\/wp\/v2\/media?parent=40398"}],"curies":[{"name":"wp","href":"https:\/\/api.w.org\/{rel}","templated":true}]}}